{"id":1988,"date":"2021-03-29T08:56:58","date_gmt":"2021-03-29T06:56:58","guid":{"rendered":"https:\/\/shopium.eu\/sk\/?post_type=product&#038;p=1988"},"modified":"2021-10-06T14:35:13","modified_gmt":"2021-10-06T12:35:13","slug":"magnet-fishag","status":"publish","type":"product","link":"https:\/\/linoexpress.com\/sk\/produkt\/magnet-fishag\/","title":{"rendered":"Magnet &#8211; Fishag"},"content":{"rendered":"","protected":false},"excerpt":{"rendered":"<p>Tento magnet je \u013eahk\u00fd a\u00a0kompaktn\u00fd, je vyroben\u00fd z najkvalitnej\u0161\u00edch kovov a predstavuje revolu\u010dn\u00fd produkt, ktor\u00fd je najlep\u0161\u00ed na n\u00e1jdenie straten\u00fdch kovov\u00fdch predmetov.<\/p>\n","protected":false},"featured_media":1989,"comment_status":"closed","ping_status":"closed","template":"","meta":{"inline_featured_image":false},"product_brand":[],"product_cat":[15,35],"product_tag":[],"class_list":{"0":"post-1988","1":"product","2":"type-product","3":"status-publish","4":"has-post-thumbnail","6":"product_cat-uncategorized","7":"product_cat-fun","9":"first","10":"instock","11":"sale","12":"taxable","13":"shipping-taxable","14":"purchasable","15":"product-type-simple"},"acf":[],"_links":{"self":[{"href":"https:\/\/linoexpress.com\/sk\/wp-json\/wp\/v2\/product\/1988","targetHints":{"allow":["GET"]}}],"collection":[{"href":"https:\/\/linoexpress.com\/sk\/wp-json\/wp\/v2\/product"}],"about":[{"href":"https:\/\/linoexpress.com\/sk\/wp-json\/wp\/v2\/types\/product"}],"replies":[{"embeddable":true,"href":"https:\/\/linoexpress.com\/sk\/wp-json\/wp\/v2\/comments?post=1988"}],"wp:featuredmedia":[{"embeddable":true,"href":"https:\/\/linoexpress.com\/sk\/wp-json\/wp\/v2\/media\/1989"}],"wp:attachment":[{"href":"https:\/\/linoexpress.com\/sk\/wp-json\/wp\/v2\/media?parent=1988"}],"wp:term":[{"taxonomy":"product_brand","embeddable":true,"href":"https:\/\/linoexpress.com\/sk\/wp-json\/wp\/v2\/product_brand?post=1988"},{"taxonomy":"product_cat","embeddable":true,"href":"https:\/\/linoexpress.com\/sk\/wp-json\/wp\/v2\/product_cat?post=1988"},{"taxonomy":"product_tag","embeddable":true,"href":"https:\/\/linoexpress.com\/sk\/wp-json\/wp\/v2\/product_tag?post=1988"}],"curies":[{"name":"wp","href":"https:\/\/api.w.org\/{rel}","templated":true}]}}