{"id":20068,"date":"2026-02-04T10:12:13","date_gmt":"2026-02-04T09:12:13","guid":{"rendered":"https:\/\/linoexpress.com\/sk\/produkt\/rfid-product\/"},"modified":"2026-03-11T00:35:07","modified_gmt":"2026-03-10T23:35:07","slug":"nocny-stolik-so-skrytym-bezpecnostnym-priestorom","status":"publish","type":"product","link":"https:\/\/linoexpress.com\/sk\/produkt\/nocny-stolik-so-skrytym-bezpecnostnym-priestorom\/","title":{"rendered":"No\u010dn\u00fd stol\u00edk so skryt\u00fdm bezpe\u010dnostn\u00fdm priestorom"},"content":{"rendered":"","protected":false},"excerpt":{"rendered":"<p>Tento no\u010dn\u00fd stol\u00edk prin\u00e1\u0161a dokonal\u00fa kombin\u00e1ciu elegancie a diskr\u00e9tnej ochrany do v\u00e1\u0161ho domova. Za jednoduch\u00fdm, modern\u00fdm vzh\u013eadom sa skr\u00fdva inteligentne skryt\u00fd priestor s RFID uzamykan\u00edm, ur\u010den\u00fd na bezpe\u010dn\u00e9 uchov\u00e1vanie cennost\u00ed. Je ide\u00e1lny pre v\u0161etk\u00fdch, ktor\u00ed chc\u00fa upratan\u00fd priestor, ale aj dodato\u010dn\u00fd pocit bezpe\u010dia.<\/p>\n","protected":false},"featured_media":20069,"comment_status":"closed","ping_status":"closed","template":"","meta":{"inline_featured_image":false},"product_brand":[],"product_cat":[27,24,15,35],"product_tag":[],"class_list":{"0":"post-20068","1":"product","2":"type-product","3":"status-publish","4":"has-post-thumbnail","6":"product_cat-home","7":"product_cat-sale","8":"product_cat-uncategorized","9":"product_cat-fun","11":"first","12":"instock","13":"sale","14":"taxable","15":"shipping-taxable","16":"purchasable","17":"product-type-simple"},"acf":[],"_links":{"self":[{"href":"https:\/\/linoexpress.com\/sk\/wp-json\/wp\/v2\/product\/20068","targetHints":{"allow":["GET"]}}],"collection":[{"href":"https:\/\/linoexpress.com\/sk\/wp-json\/wp\/v2\/product"}],"about":[{"href":"https:\/\/linoexpress.com\/sk\/wp-json\/wp\/v2\/types\/product"}],"replies":[{"embeddable":true,"href":"https:\/\/linoexpress.com\/sk\/wp-json\/wp\/v2\/comments?post=20068"}],"wp:featuredmedia":[{"embeddable":true,"href":"https:\/\/linoexpress.com\/sk\/wp-json\/wp\/v2\/media\/20069"}],"wp:attachment":[{"href":"https:\/\/linoexpress.com\/sk\/wp-json\/wp\/v2\/media?parent=20068"}],"wp:term":[{"taxonomy":"product_brand","embeddable":true,"href":"https:\/\/linoexpress.com\/sk\/wp-json\/wp\/v2\/product_brand?post=20068"},{"taxonomy":"product_cat","embeddable":true,"href":"https:\/\/linoexpress.com\/sk\/wp-json\/wp\/v2\/product_cat?post=20068"},{"taxonomy":"product_tag","embeddable":true,"href":"https:\/\/linoexpress.com\/sk\/wp-json\/wp\/v2\/product_tag?post=20068"}],"curies":[{"name":"wp","href":"https:\/\/api.w.org\/{rel}","templated":true}]}}