{"id":20123,"date":"2026-02-05T19:48:34","date_gmt":"2026-02-05T18:48:34","guid":{"rendered":"https:\/\/linoexpress.com\/sk\/produkt\/matgnd-product\/"},"modified":"2026-03-11T00:34:53","modified_gmt":"2026-03-10T23:34:53","slug":"podlozka-na-uzemnenie","status":"publish","type":"product","link":"https:\/\/linoexpress.com\/sk\/produkt\/podlozka-na-uzemnenie\/","title":{"rendered":"Podlo\u017eka na uzemnenie"},"content":{"rendered":"","protected":false},"excerpt":{"rendered":"<p>Podlo\u017eka na uzemnenie umo\u017e\u0148uje prirodzen\u00e9 prepojenie tela so zemou a obnovenie elektrickej rovnov\u00e1hy organizmu. Pravideln\u00e9 pou\u017e\u00edvanie m\u00f4\u017ee prispie\u0165 k lep\u0161iemu sp\u00e1nku, zn\u00ed\u017eeniu stresu a zmierneniu bolesti svalov a k\u013abov. Je jednoduch\u00e1 na pou\u017eitie a vhodn\u00e1 pre dom, kancel\u00e1riu alebo dovolenku.<\/p>\n","protected":false},"featured_media":20125,"comment_status":"closed","ping_status":"closed","template":"","meta":{"inline_featured_image":false},"product_brand":[],"product_cat":[27,28,24,15,35,26],"product_tag":[],"class_list":{"0":"post-20123","1":"product","2":"type-product","3":"status-publish","4":"has-post-thumbnail","6":"product_cat-home","7":"product_cat-beauty","8":"product_cat-sale","9":"product_cat-uncategorized","10":"product_cat-fun","11":"product_cat-health","13":"first","14":"instock","15":"sale","16":"taxable","17":"shipping-taxable","18":"purchasable","19":"product-type-simple"},"acf":[],"_links":{"self":[{"href":"https:\/\/linoexpress.com\/sk\/wp-json\/wp\/v2\/product\/20123","targetHints":{"allow":["GET"]}}],"collection":[{"href":"https:\/\/linoexpress.com\/sk\/wp-json\/wp\/v2\/product"}],"about":[{"href":"https:\/\/linoexpress.com\/sk\/wp-json\/wp\/v2\/types\/product"}],"replies":[{"embeddable":true,"href":"https:\/\/linoexpress.com\/sk\/wp-json\/wp\/v2\/comments?post=20123"}],"wp:featuredmedia":[{"embeddable":true,"href":"https:\/\/linoexpress.com\/sk\/wp-json\/wp\/v2\/media\/20125"}],"wp:attachment":[{"href":"https:\/\/linoexpress.com\/sk\/wp-json\/wp\/v2\/media?parent=20123"}],"wp:term":[{"taxonomy":"product_brand","embeddable":true,"href":"https:\/\/linoexpress.com\/sk\/wp-json\/wp\/v2\/product_brand?post=20123"},{"taxonomy":"product_cat","embeddable":true,"href":"https:\/\/linoexpress.com\/sk\/wp-json\/wp\/v2\/product_cat?post=20123"},{"taxonomy":"product_tag","embeddable":true,"href":"https:\/\/linoexpress.com\/sk\/wp-json\/wp\/v2\/product_tag?post=20123"}],"curies":[{"name":"wp","href":"https:\/\/api.w.org\/{rel}","templated":true}]}}