{"id":20148,"date":"2026-02-05T20:39:32","date_gmt":"2026-02-05T19:39:32","guid":{"rendered":"https:\/\/linoexpress.com\/sk\/produkt\/strap-product\/"},"modified":"2026-02-19T16:03:14","modified_gmt":"2026-02-19T15:03:14","slug":"pasy-na-zdvihanie-ciniek-s-hacikmi-na-zapastie","status":"publish","type":"product","link":"https:\/\/linoexpress.com\/sk\/produkt\/pasy-na-zdvihanie-ciniek-s-hacikmi-na-zapastie\/","title":{"rendered":"P\u00e1sy na zdv\u00edhanie \u010diniek s h\u00e1\u010dikmi na z\u00e1p\u00e4stie"},"content":{"rendered":"","protected":false},"excerpt":{"rendered":"<p>P\u00e1sy na zdv\u00edhanie \u010diniek poskytuj\u00fa siln\u00fa a stabiln\u00fa podporu po\u010das cvi\u010denia s v\u00e4\u010d\u0161\u00edm za\u0165a\u017een\u00edm. Pom\u00e1haj\u00fa pri bezpe\u010dnej\u0161om vykon\u00e1van\u00ed pohybov a zni\u017euj\u00fa za\u0165a\u017eenie r\u00fak a z\u00e1p\u00e4st\u00ed. S\u00fa ur\u010den\u00e9 pre v\u0161etk\u00fdch, ktor\u00ed chc\u00fa lep\u0161iu kontrolu, silnej\u0161\u00ed \u00fachop a efekt\u00edvnej\u0161\u00ed tr\u00e9ning.<\/p>\n","protected":false},"featured_media":20152,"comment_status":"closed","ping_status":"closed","template":"","meta":{"inline_featured_image":false},"product_brand":[],"product_cat":[24,15,35,26],"product_tag":[],"class_list":{"0":"post-20148","1":"product","2":"type-product","3":"status-publish","4":"has-post-thumbnail","6":"product_cat-sale","7":"product_cat-uncategorized","8":"product_cat-fun","9":"product_cat-health","11":"first","12":"instock","13":"sale","14":"taxable","15":"shipping-taxable","16":"purchasable","17":"product-type-simple"},"acf":[],"_links":{"self":[{"href":"https:\/\/linoexpress.com\/sk\/wp-json\/wp\/v2\/product\/20148","targetHints":{"allow":["GET"]}}],"collection":[{"href":"https:\/\/linoexpress.com\/sk\/wp-json\/wp\/v2\/product"}],"about":[{"href":"https:\/\/linoexpress.com\/sk\/wp-json\/wp\/v2\/types\/product"}],"replies":[{"embeddable":true,"href":"https:\/\/linoexpress.com\/sk\/wp-json\/wp\/v2\/comments?post=20148"}],"wp:featuredmedia":[{"embeddable":true,"href":"https:\/\/linoexpress.com\/sk\/wp-json\/wp\/v2\/media\/20152"}],"wp:attachment":[{"href":"https:\/\/linoexpress.com\/sk\/wp-json\/wp\/v2\/media?parent=20148"}],"wp:term":[{"taxonomy":"product_brand","embeddable":true,"href":"https:\/\/linoexpress.com\/sk\/wp-json\/wp\/v2\/product_brand?post=20148"},{"taxonomy":"product_cat","embeddable":true,"href":"https:\/\/linoexpress.com\/sk\/wp-json\/wp\/v2\/product_cat?post=20148"},{"taxonomy":"product_tag","embeddable":true,"href":"https:\/\/linoexpress.com\/sk\/wp-json\/wp\/v2\/product_tag?post=20148"}],"curies":[{"name":"wp","href":"https:\/\/api.w.org\/{rel}","templated":true}]}}