{"id":20325,"date":"2026-02-13T08:22:44","date_gmt":"2026-02-13T07:22:44","guid":{"rendered":"https:\/\/linoexpress.com\/sk\/produkt\/shaver-product\/"},"modified":"2026-03-11T00:34:35","modified_gmt":"2026-03-10T23:34:35","slug":"mini-elektricky-holiaci-strojcek-na-presne-a-rychle-holenie","status":"publish","type":"product","link":"https:\/\/linoexpress.com\/sk\/produkt\/mini-elektricky-holiaci-strojcek-na-presne-a-rychle-holenie\/","title":{"rendered":"Mini elektrick\u00fd holiaci stroj\u010dek na presn\u00e9 a r\u00fdchle holenie"},"content":{"rendered":"","protected":false},"excerpt":{"rendered":"<p>Mini elektrick\u00fd holiaci stroj\u010dek umo\u017e\u0148uje r\u00fdchle, \u010dist\u00e9 a rovnomern\u00e9 holenie bez podr\u00e1\u017edenia poko\u017eky. V\u010faka siln\u00e9mu motoru a presn\u00fdm \u010depe\u013eam odstra\u0148uje ch\u013apky \u013eahko a bez \u0165ahania. Je ide\u00e1lny na ka\u017edodenn\u00fa \u00fadr\u017ebu upraven\u00e9ho vzh\u013eadu doma alebo na cest\u00e1ch.<\/p>\n","protected":false},"featured_media":20326,"comment_status":"closed","ping_status":"closed","template":"","meta":{"inline_featured_image":false},"product_brand":[],"product_cat":[28,24,15,35],"product_tag":[],"class_list":{"0":"post-20325","1":"product","2":"type-product","3":"status-publish","4":"has-post-thumbnail","6":"product_cat-beauty","7":"product_cat-sale","8":"product_cat-uncategorized","9":"product_cat-fun","11":"first","12":"instock","13":"sale","14":"taxable","15":"shipping-taxable","16":"purchasable","17":"product-type-simple"},"acf":[],"_links":{"self":[{"href":"https:\/\/linoexpress.com\/sk\/wp-json\/wp\/v2\/product\/20325","targetHints":{"allow":["GET"]}}],"collection":[{"href":"https:\/\/linoexpress.com\/sk\/wp-json\/wp\/v2\/product"}],"about":[{"href":"https:\/\/linoexpress.com\/sk\/wp-json\/wp\/v2\/types\/product"}],"replies":[{"embeddable":true,"href":"https:\/\/linoexpress.com\/sk\/wp-json\/wp\/v2\/comments?post=20325"}],"wp:featuredmedia":[{"embeddable":true,"href":"https:\/\/linoexpress.com\/sk\/wp-json\/wp\/v2\/media\/20326"}],"wp:attachment":[{"href":"https:\/\/linoexpress.com\/sk\/wp-json\/wp\/v2\/media?parent=20325"}],"wp:term":[{"taxonomy":"product_brand","embeddable":true,"href":"https:\/\/linoexpress.com\/sk\/wp-json\/wp\/v2\/product_brand?post=20325"},{"taxonomy":"product_cat","embeddable":true,"href":"https:\/\/linoexpress.com\/sk\/wp-json\/wp\/v2\/product_cat?post=20325"},{"taxonomy":"product_tag","embeddable":true,"href":"https:\/\/linoexpress.com\/sk\/wp-json\/wp\/v2\/product_tag?post=20325"}],"curies":[{"name":"wp","href":"https:\/\/api.w.org\/{rel}","templated":true}]}}