{"id":20842,"date":"2026-03-16T11:19:58","date_gmt":"2026-03-16T10:19:58","guid":{"rendered":"https:\/\/linoexpress.com\/sk\/produkt\/catty-puppy-product\/"},"modified":"2026-03-16T11:42:43","modified_gmt":"2026-03-16T10:42:43","slug":"inteligentny-interaktivny-maznacik-pre-deti-pes-alebo-macka","status":"publish","type":"product","link":"https:\/\/linoexpress.com\/sk\/produkt\/inteligentny-interaktivny-maznacik-pre-deti-pes-alebo-macka\/","title":{"rendered":"Inteligentn\u00fd interakt\u00edvny mazn\u00e1\u010dik pre deti &#8211; Pes alebo Ma\u010dka"},"content":{"rendered":"","protected":false},"excerpt":{"rendered":"<p>Interakt\u00edvny ply\u0161ov\u00fd mil\u00e1\u010dik prin\u00e1\u0161a de\u0165om z\u00e1bavn\u00fa a zauj\u00edmav\u00fa hru cez pohyby a zvuky. M\u00e4kk\u00fd materi\u00e1l a sympatick\u00fd dizajn z neho robia dokonal\u00e9ho priate\u013ea na ka\u017edodenn\u00e9 stret\u00e1vanie a hru. Je dostupn\u00fd vo variante psa alebo ma\u010dky, tak\u017ee ka\u017ed\u00e9 die\u0165a si m\u00f4\u017ee vybra\u0165 svojho ob\u013e\u00faben\u00e9ho mil\u00e1\u010dika.<\/p>\n","protected":false},"featured_media":20843,"comment_status":"closed","ping_status":"closed","template":"","meta":{"inline_featured_image":false},"product_brand":[],"product_cat":[28,15,35],"product_tag":[],"class_list":{"0":"post-20842","1":"product","2":"type-product","3":"status-publish","4":"has-post-thumbnail","6":"product_cat-beauty","7":"product_cat-uncategorized","8":"product_cat-fun","10":"first","11":"instock","12":"sale","13":"taxable","14":"shipping-taxable","15":"purchasable","16":"product-type-variable"},"acf":[],"_links":{"self":[{"href":"https:\/\/linoexpress.com\/sk\/wp-json\/wp\/v2\/product\/20842","targetHints":{"allow":["GET"]}}],"collection":[{"href":"https:\/\/linoexpress.com\/sk\/wp-json\/wp\/v2\/product"}],"about":[{"href":"https:\/\/linoexpress.com\/sk\/wp-json\/wp\/v2\/types\/product"}],"replies":[{"embeddable":true,"href":"https:\/\/linoexpress.com\/sk\/wp-json\/wp\/v2\/comments?post=20842"}],"wp:featuredmedia":[{"embeddable":true,"href":"https:\/\/linoexpress.com\/sk\/wp-json\/wp\/v2\/media\/20843"}],"wp:attachment":[{"href":"https:\/\/linoexpress.com\/sk\/wp-json\/wp\/v2\/media?parent=20842"}],"wp:term":[{"taxonomy":"product_brand","embeddable":true,"href":"https:\/\/linoexpress.com\/sk\/wp-json\/wp\/v2\/product_brand?post=20842"},{"taxonomy":"product_cat","embeddable":true,"href":"https:\/\/linoexpress.com\/sk\/wp-json\/wp\/v2\/product_cat?post=20842"},{"taxonomy":"product_tag","embeddable":true,"href":"https:\/\/linoexpress.com\/sk\/wp-json\/wp\/v2\/product_tag?post=20842"}],"curies":[{"name":"wp","href":"https:\/\/api.w.org\/{rel}","templated":true}]}}