{"id":20942,"date":"2026-03-27T09:26:58","date_gmt":"2026-03-27T08:26:58","guid":{"rendered":"https:\/\/linoexpress.com\/sk\/produkt\/reflexpro-product\/"},"modified":"2026-04-06T12:56:56","modified_gmt":"2026-04-06T10:56:56","slug":"reflexny-vak-na-trening-rychlosti-a-sily","status":"publish","type":"product","link":"https:\/\/linoexpress.com\/sk\/produkt\/reflexny-vak-na-trening-rychlosti-a-sily\/","title":{"rendered":"Reflexn\u00fd vak na tr\u00e9ning r\u00fdchlosti a sily"},"content":{"rendered":"","protected":false},"excerpt":{"rendered":"<p>Zlep\u0161ite svoje reflexy, r\u00fdchlos\u0165 a koordin\u00e1ciu s inovat\u00edvnym reflexn\u00fdm vrecom navrhnut\u00fdm pre maxim\u00e1lny v\u00fdkon. V\u010faka stabilnej v\u00e1kuovej z\u00e1kladni a inteligentn\u00e9mu dizajnu umo\u017e\u0148uje intenz\u00edvny tr\u00e9ning bez pohybu a hluku. Je ide\u00e1lna pre dom\u00e1ce pou\u017eitie, posil\u0148ov\u0148u a v\u0161etky \u00farovne pou\u017e\u00edvate\u013eov, od za\u010diato\u010dn\u00edkov po profesion\u00e1lov.<\/p>\n","protected":false},"featured_media":20943,"comment_status":"closed","ping_status":"closed","template":"","meta":{"inline_featured_image":false},"product_brand":[],"product_cat":[27,24,15,35],"product_tag":[],"class_list":{"0":"post-20942","1":"product","2":"type-product","3":"status-publish","4":"has-post-thumbnail","6":"product_cat-home","7":"product_cat-sale","8":"product_cat-uncategorized","9":"product_cat-fun","11":"first","12":"instock","13":"sale","14":"taxable","15":"shipping-taxable","16":"purchasable","17":"product-type-simple"},"acf":[],"_links":{"self":[{"href":"https:\/\/linoexpress.com\/sk\/wp-json\/wp\/v2\/product\/20942","targetHints":{"allow":["GET"]}}],"collection":[{"href":"https:\/\/linoexpress.com\/sk\/wp-json\/wp\/v2\/product"}],"about":[{"href":"https:\/\/linoexpress.com\/sk\/wp-json\/wp\/v2\/types\/product"}],"replies":[{"embeddable":true,"href":"https:\/\/linoexpress.com\/sk\/wp-json\/wp\/v2\/comments?post=20942"}],"wp:featuredmedia":[{"embeddable":true,"href":"https:\/\/linoexpress.com\/sk\/wp-json\/wp\/v2\/media\/20943"}],"wp:attachment":[{"href":"https:\/\/linoexpress.com\/sk\/wp-json\/wp\/v2\/media?parent=20942"}],"wp:term":[{"taxonomy":"product_brand","embeddable":true,"href":"https:\/\/linoexpress.com\/sk\/wp-json\/wp\/v2\/product_brand?post=20942"},{"taxonomy":"product_cat","embeddable":true,"href":"https:\/\/linoexpress.com\/sk\/wp-json\/wp\/v2\/product_cat?post=20942"},{"taxonomy":"product_tag","embeddable":true,"href":"https:\/\/linoexpress.com\/sk\/wp-json\/wp\/v2\/product_tag?post=20942"}],"curies":[{"name":"wp","href":"https:\/\/api.w.org\/{rel}","templated":true}]}}