{"id":21251,"date":"2026-04-24T00:09:51","date_gmt":"2026-04-23T22:09:51","guid":{"rendered":"https:\/\/linoexpress.com\/sk\/produkt\/magicshelf-product\/"},"modified":"2026-04-24T00:45:01","modified_gmt":"2026-04-23T22:45:01","slug":"diskretna-bezpecnostna-polica","status":"publish","type":"product","link":"https:\/\/linoexpress.com\/sk\/produkt\/diskretna-bezpecnostna-polica\/","title":{"rendered":"Diskr\u00e9tna bezpe\u010dnostn\u00e1 polica"},"content":{"rendered":"","protected":false},"excerpt":{"rendered":"<p>Diskr\u00e9tne skryte svoje cennosti na mieste, kde ich nikto neo\u010dak\u00e1va \u2013 v elegantnej n\u00e1stennej polici. Spojenie praktickosti a bezpe\u010dnosti v\u00e1m umo\u017e\u0148uje organizova\u0165 priestor a z\u00e1rove\u0148 chr\u00e1ni\u0165 to, \u010do je pre v\u00e1s najd\u00f4le\u017eitej\u0161ie. Modern\u00fd dizajn sa hod\u00ed do ka\u017ed\u00e9ho interi\u00e9ru a zanech\u00e1va dojem luxusu a inteligentn\u00e9ho rie\u0161enia.<\/p>\n","protected":false},"featured_media":21252,"comment_status":"closed","ping_status":"closed","template":"","meta":{"inline_featured_image":false},"product_brand":[],"product_cat":[25,24,15,35],"product_tag":[],"class_list":{"0":"post-21251","1":"product","2":"type-product","3":"status-publish","4":"has-post-thumbnail","6":"product_cat-car","7":"product_cat-sale","8":"product_cat-uncategorized","9":"product_cat-fun","11":"first","12":"instock","13":"sale","14":"taxable","15":"shipping-taxable","16":"purchasable","17":"product-type-simple"},"acf":[],"_links":{"self":[{"href":"https:\/\/linoexpress.com\/sk\/wp-json\/wp\/v2\/product\/21251","targetHints":{"allow":["GET"]}}],"collection":[{"href":"https:\/\/linoexpress.com\/sk\/wp-json\/wp\/v2\/product"}],"about":[{"href":"https:\/\/linoexpress.com\/sk\/wp-json\/wp\/v2\/types\/product"}],"replies":[{"embeddable":true,"href":"https:\/\/linoexpress.com\/sk\/wp-json\/wp\/v2\/comments?post=21251"}],"wp:featuredmedia":[{"embeddable":true,"href":"https:\/\/linoexpress.com\/sk\/wp-json\/wp\/v2\/media\/21252"}],"wp:attachment":[{"href":"https:\/\/linoexpress.com\/sk\/wp-json\/wp\/v2\/media?parent=21251"}],"wp:term":[{"taxonomy":"product_brand","embeddable":true,"href":"https:\/\/linoexpress.com\/sk\/wp-json\/wp\/v2\/product_brand?post=21251"},{"taxonomy":"product_cat","embeddable":true,"href":"https:\/\/linoexpress.com\/sk\/wp-json\/wp\/v2\/product_cat?post=21251"},{"taxonomy":"product_tag","embeddable":true,"href":"https:\/\/linoexpress.com\/sk\/wp-json\/wp\/v2\/product_tag?post=21251"}],"curies":[{"name":"wp","href":"https:\/\/api.w.org\/{rel}","templated":true}]}}