{"id":21270,"date":"2026-04-24T15:12:15","date_gmt":"2026-04-24T13:12:15","guid":{"rendered":"https:\/\/linoexpress.com\/sk\/produkt\/vac60-product\/"},"modified":"2026-05-01T13:57:42","modified_gmt":"2026-05-01T11:57:42","slug":"rucny-turbo-cistic","status":"publish","type":"product","link":"https:\/\/linoexpress.com\/sk\/produkt\/rucny-turbo-cistic\/","title":{"rendered":"Ru\u010dn\u00fd turbo \u010disti\u010d"},"content":{"rendered":"","protected":false},"excerpt":{"rendered":"<p>Ru\u010dn\u00fd turbo \u010disti\u010d prin\u00e1\u0161a siln\u00e9 a r\u00fdchle \u010distenie bez k\u00e1blov a komplik\u00e1ci\u00ed. V\u010faka kompaktn\u00e9mu dizajnu a siln\u00e9mu saniu \u013eahko odstra\u0148uje prach a ne\u010distoty aj z naj\u0165a\u017e\u0161ie dostupn\u00fdch miest. Ide\u00e1lny pre dom a automobil &#8211; v\u017edy pripraven\u00fd, ke\u010f ho potrebujete.<\/p>\n","protected":false},"featured_media":21271,"comment_status":"closed","ping_status":"closed","template":"","meta":{"inline_featured_image":false},"product_brand":[],"product_cat":[27,24,15,35],"product_tag":[],"class_list":{"0":"post-21270","1":"product","2":"type-product","3":"status-publish","4":"has-post-thumbnail","6":"product_cat-home","7":"product_cat-sale","8":"product_cat-uncategorized","9":"product_cat-fun","11":"first","12":"instock","13":"sale","14":"taxable","15":"shipping-taxable","16":"purchasable","17":"product-type-simple"},"acf":[],"_links":{"self":[{"href":"https:\/\/linoexpress.com\/sk\/wp-json\/wp\/v2\/product\/21270","targetHints":{"allow":["GET"]}}],"collection":[{"href":"https:\/\/linoexpress.com\/sk\/wp-json\/wp\/v2\/product"}],"about":[{"href":"https:\/\/linoexpress.com\/sk\/wp-json\/wp\/v2\/types\/product"}],"replies":[{"embeddable":true,"href":"https:\/\/linoexpress.com\/sk\/wp-json\/wp\/v2\/comments?post=21270"}],"wp:featuredmedia":[{"embeddable":true,"href":"https:\/\/linoexpress.com\/sk\/wp-json\/wp\/v2\/media\/21271"}],"wp:attachment":[{"href":"https:\/\/linoexpress.com\/sk\/wp-json\/wp\/v2\/media?parent=21270"}],"wp:term":[{"taxonomy":"product_brand","embeddable":true,"href":"https:\/\/linoexpress.com\/sk\/wp-json\/wp\/v2\/product_brand?post=21270"},{"taxonomy":"product_cat","embeddable":true,"href":"https:\/\/linoexpress.com\/sk\/wp-json\/wp\/v2\/product_cat?post=21270"},{"taxonomy":"product_tag","embeddable":true,"href":"https:\/\/linoexpress.com\/sk\/wp-json\/wp\/v2\/product_tag?post=21270"}],"curies":[{"name":"wp","href":"https:\/\/api.w.org\/{rel}","templated":true}]}}