{"id":2416,"date":"2022-03-25T16:58:31","date_gmt":"2022-03-25T15:58:31","guid":{"rendered":"https:\/\/linoexpress.com\/sk\/?post_type=product&#038;p=2416"},"modified":"2024-06-19T12:17:24","modified_gmt":"2024-06-19T10:17:24","slug":"protismykova-multifunkcna-podlozka-telefonu-cartrio","status":"publish","type":"product","link":"https:\/\/linoexpress.com\/sk\/produkt\/protismykova-multifunkcna-podlozka-telefonu-cartrio\/","title":{"rendered":"Proti\u0161mykov\u00e1 multifunk\u010dn\u00e1 podlo\u017eka telef\u00f3nu &#8211; Cartrio"},"content":{"rendered":"","protected":false},"excerpt":{"rendered":"<p>Multifunk\u010dn\u00e1 proti\u0161mykov\u00e1 podlo\u017eka, ktor\u00e1 sa umiest\u0148uje na palubn\u00fa dosku v aute so zabudovan\u00fdm dr\u017eiakom na telef\u00f3n a aromaterapiou pre ka\u017ed\u00fd typ vozidla.<\/p>\n","protected":false},"featured_media":2422,"comment_status":"closed","ping_status":"closed","template":"","meta":{"inline_featured_image":false},"product_brand":[],"product_cat":[25,15],"product_tag":[],"class_list":{"0":"post-2416","1":"product","2":"type-product","3":"status-publish","4":"has-post-thumbnail","6":"product_cat-car","7":"product_cat-uncategorized","9":"first","10":"instock","11":"sale","12":"taxable","13":"shipping-taxable","14":"purchasable","15":"product-type-simple"},"acf":[],"_links":{"self":[{"href":"https:\/\/linoexpress.com\/sk\/wp-json\/wp\/v2\/product\/2416","targetHints":{"allow":["GET"]}}],"collection":[{"href":"https:\/\/linoexpress.com\/sk\/wp-json\/wp\/v2\/product"}],"about":[{"href":"https:\/\/linoexpress.com\/sk\/wp-json\/wp\/v2\/types\/product"}],"replies":[{"embeddable":true,"href":"https:\/\/linoexpress.com\/sk\/wp-json\/wp\/v2\/comments?post=2416"}],"wp:featuredmedia":[{"embeddable":true,"href":"https:\/\/linoexpress.com\/sk\/wp-json\/wp\/v2\/media\/2422"}],"wp:attachment":[{"href":"https:\/\/linoexpress.com\/sk\/wp-json\/wp\/v2\/media?parent=2416"}],"wp:term":[{"taxonomy":"product_brand","embeddable":true,"href":"https:\/\/linoexpress.com\/sk\/wp-json\/wp\/v2\/product_brand?post=2416"},{"taxonomy":"product_cat","embeddable":true,"href":"https:\/\/linoexpress.com\/sk\/wp-json\/wp\/v2\/product_cat?post=2416"},{"taxonomy":"product_tag","embeddable":true,"href":"https:\/\/linoexpress.com\/sk\/wp-json\/wp\/v2\/product_tag?post=2416"}],"curies":[{"name":"wp","href":"https:\/\/api.w.org\/{rel}","templated":true}]}}