{"id":2432,"date":"2022-03-30T16:11:27","date_gmt":"2022-03-30T14:11:27","guid":{"rendered":"https:\/\/linoexpress.com\/sk\/?post_type=product&#038;p=2432"},"modified":"2023-01-05T13:59:58","modified_gmt":"2023-01-05T12:59:58","slug":"11-zadarmo-mazacia-ihla-topdle","status":"publish","type":"product","link":"https:\/\/linoexpress.com\/sk\/produkt\/11-zadarmo-mazacia-ihla-topdle\/","title":{"rendered":"1+1 ZADARMO Mazacia ihla &#8211; Topdle"},"content":{"rendered":"","protected":false},"excerpt":{"rendered":"<p>Hrot tejto ihly v\u00e1m umo\u017e\u0148uje vstrekova\u0165 mazivo do \u00fazkych priestorov. Urobte svoju pr\u00e1cu efekt\u00edvnej\u0161ou a spo\u013eahlivej\u0161ou!<\/p>\n","protected":false},"featured_media":2439,"comment_status":"closed","ping_status":"closed","template":"","meta":{"inline_featured_image":false},"product_brand":[],"product_cat":[27,24,15],"product_tag":[],"class_list":{"0":"post-2432","1":"product","2":"type-product","3":"status-publish","4":"has-post-thumbnail","6":"product_cat-home","7":"product_cat-sale","8":"product_cat-uncategorized","10":"first","11":"instock","12":"sale","13":"taxable","14":"shipping-taxable","15":"purchasable","16":"product-type-simple"},"acf":[],"_links":{"self":[{"href":"https:\/\/linoexpress.com\/sk\/wp-json\/wp\/v2\/product\/2432","targetHints":{"allow":["GET"]}}],"collection":[{"href":"https:\/\/linoexpress.com\/sk\/wp-json\/wp\/v2\/product"}],"about":[{"href":"https:\/\/linoexpress.com\/sk\/wp-json\/wp\/v2\/types\/product"}],"replies":[{"embeddable":true,"href":"https:\/\/linoexpress.com\/sk\/wp-json\/wp\/v2\/comments?post=2432"}],"wp:featuredmedia":[{"embeddable":true,"href":"https:\/\/linoexpress.com\/sk\/wp-json\/wp\/v2\/media\/2439"}],"wp:attachment":[{"href":"https:\/\/linoexpress.com\/sk\/wp-json\/wp\/v2\/media?parent=2432"}],"wp:term":[{"taxonomy":"product_brand","embeddable":true,"href":"https:\/\/linoexpress.com\/sk\/wp-json\/wp\/v2\/product_brand?post=2432"},{"taxonomy":"product_cat","embeddable":true,"href":"https:\/\/linoexpress.com\/sk\/wp-json\/wp\/v2\/product_cat?post=2432"},{"taxonomy":"product_tag","embeddable":true,"href":"https:\/\/linoexpress.com\/sk\/wp-json\/wp\/v2\/product_tag?post=2432"}],"curies":[{"name":"wp","href":"https:\/\/api.w.org\/{rel}","templated":true}]}}