{"id":2511,"date":"2022-05-03T12:57:56","date_gmt":"2022-05-03T10:57:56","guid":{"rendered":"https:\/\/linoexpress.com\/sk\/?post_type=product&#038;p=2511"},"modified":"2025-01-28T17:07:54","modified_gmt":"2025-01-28T16:07:54","slug":"manualna-suprava-na-opravu-nabytku-fixall","status":"publish","type":"product","link":"https:\/\/linoexpress.com\/sk\/produkt\/manualna-suprava-na-opravu-nabytku-fixall\/","title":{"rendered":"Manu\u00e1lna s\u00faprava na opravu n\u00e1bytku-FixAll"},"content":{"rendered":"","protected":false},"excerpt":{"rendered":"<p>Opravte drobn\u00e9 \u0161krabance na v\u0161etk\u00fdch typoch podl\u00e1h alebo in\u00e9ho n\u00e1bytku a dreven\u00fdch povrchov. Ide\u00e1lne na parkety, lamin\u00e1ty, pracovn\u00e9 dosky alebo n\u00e1bytok a drevo.<\/p>\n","protected":false},"featured_media":2514,"comment_status":"closed","ping_status":"closed","template":"","meta":{"inline_featured_image":false},"product_brand":[],"product_cat":[27,15],"product_tag":[],"class_list":{"0":"post-2511","1":"product","2":"type-product","3":"status-publish","4":"has-post-thumbnail","6":"product_cat-home","7":"product_cat-uncategorized","9":"first","10":"instock","11":"sale","12":"taxable","13":"shipping-taxable","14":"purchasable","15":"product-type-simple"},"acf":[],"_links":{"self":[{"href":"https:\/\/linoexpress.com\/sk\/wp-json\/wp\/v2\/product\/2511","targetHints":{"allow":["GET"]}}],"collection":[{"href":"https:\/\/linoexpress.com\/sk\/wp-json\/wp\/v2\/product"}],"about":[{"href":"https:\/\/linoexpress.com\/sk\/wp-json\/wp\/v2\/types\/product"}],"replies":[{"embeddable":true,"href":"https:\/\/linoexpress.com\/sk\/wp-json\/wp\/v2\/comments?post=2511"}],"wp:featuredmedia":[{"embeddable":true,"href":"https:\/\/linoexpress.com\/sk\/wp-json\/wp\/v2\/media\/2514"}],"wp:attachment":[{"href":"https:\/\/linoexpress.com\/sk\/wp-json\/wp\/v2\/media?parent=2511"}],"wp:term":[{"taxonomy":"product_brand","embeddable":true,"href":"https:\/\/linoexpress.com\/sk\/wp-json\/wp\/v2\/product_brand?post=2511"},{"taxonomy":"product_cat","embeddable":true,"href":"https:\/\/linoexpress.com\/sk\/wp-json\/wp\/v2\/product_cat?post=2511"},{"taxonomy":"product_tag","embeddable":true,"href":"https:\/\/linoexpress.com\/sk\/wp-json\/wp\/v2\/product_tag?post=2511"}],"curies":[{"name":"wp","href":"https:\/\/api.w.org\/{rel}","templated":true}]}}