{"id":2525,"date":"2022-05-03T15:29:18","date_gmt":"2022-05-03T13:29:18","guid":{"rendered":"https:\/\/linoexpress.com\/sk\/?post_type=product&#038;p=2525"},"modified":"2025-12-08T19:35:48","modified_gmt":"2025-12-08T18:35:48","slug":"montessori-ticha-kniha-pre-deti-smartbook","status":"publish","type":"product","link":"https:\/\/linoexpress.com\/sk\/produkt\/montessori-ticha-kniha-pre-deti-smartbook\/","title":{"rendered":"Montessori tich\u00e1 kniha pre deti &#8211; SmartBook"},"content":{"rendered":"","protected":false},"excerpt":{"rendered":"<p>Knihy pod\u013ea Montessori met\u00f3d pre rozvoj det\u00ed, ich zru\u010dnost\u00ed, zmyslov a fant\u00e1zie pote\u0161ia ka\u017ed\u00e9 die\u0165a a u\u013eah\u010dia mu u\u010denie cez hru.<\/p>\n","protected":false},"featured_media":10302,"comment_status":"closed","ping_status":"closed","template":"","meta":{"inline_featured_image":false},"product_brand":[],"product_cat":[15,35],"product_tag":[],"class_list":{"0":"post-2525","1":"product","2":"type-product","3":"status-publish","4":"has-post-thumbnail","6":"product_cat-uncategorized","7":"product_cat-fun","9":"first","10":"instock","11":"sale","12":"taxable","13":"shipping-taxable","14":"purchasable","15":"product-type-variable"},"acf":[],"_links":{"self":[{"href":"https:\/\/linoexpress.com\/sk\/wp-json\/wp\/v2\/product\/2525","targetHints":{"allow":["GET"]}}],"collection":[{"href":"https:\/\/linoexpress.com\/sk\/wp-json\/wp\/v2\/product"}],"about":[{"href":"https:\/\/linoexpress.com\/sk\/wp-json\/wp\/v2\/types\/product"}],"replies":[{"embeddable":true,"href":"https:\/\/linoexpress.com\/sk\/wp-json\/wp\/v2\/comments?post=2525"}],"wp:featuredmedia":[{"embeddable":true,"href":"https:\/\/linoexpress.com\/sk\/wp-json\/wp\/v2\/media\/10302"}],"wp:attachment":[{"href":"https:\/\/linoexpress.com\/sk\/wp-json\/wp\/v2\/media?parent=2525"}],"wp:term":[{"taxonomy":"product_brand","embeddable":true,"href":"https:\/\/linoexpress.com\/sk\/wp-json\/wp\/v2\/product_brand?post=2525"},{"taxonomy":"product_cat","embeddable":true,"href":"https:\/\/linoexpress.com\/sk\/wp-json\/wp\/v2\/product_cat?post=2525"},{"taxonomy":"product_tag","embeddable":true,"href":"https:\/\/linoexpress.com\/sk\/wp-json\/wp\/v2\/product_tag?post=2525"}],"curies":[{"name":"wp","href":"https:\/\/api.w.org\/{rel}","templated":true}]}}