{"id":260,"date":"2020-11-30T14:53:39","date_gmt":"2020-11-30T13:53:39","guid":{"rendered":"https:\/\/shopium.eu\/rs\/?post_type=product&#038;p=260"},"modified":"2021-10-06T09:20:23","modified_gmt":"2021-10-06T07:20:23","slug":"takticke-vojenske-rukavice-militaryglowes-2","status":"publish","type":"product","link":"https:\/\/linoexpress.com\/sk\/produkt\/takticke-vojenske-rukavice-militaryglowes-2\/","title":{"rendered":"Taktick\u00e9 vojensk\u00e9 rukavice &#8211; MilitaryGlowes"},"content":{"rendered":"<p>Perfektn\u00e9 Touch Screen vojensk\u00e9 rukavice ide\u00e1lne pre v\u0161etky druhy \u0161portov alebo pre r\u00f4zne outdoorov\u00e9 aktivity, bez \u0161krabancov, modr\u00edn alebo omrzl\u00edn.<\/p>\n","protected":false},"excerpt":{"rendered":"<p>Perfektn\u00e9 Touch Screen vojensk\u00e9 rukavice ide\u00e1lne pre v\u0161etky druhy \u0161portov alebo pre r\u00f4zne outdoorov\u00e9 aktivity, bez \u0161krabancov, modr\u00edn alebo omrzl\u00edn.<\/p>\n","protected":false},"featured_media":1187,"comment_status":"closed","ping_status":"closed","template":"","meta":{"inline_featured_image":false},"product_brand":[],"product_cat":[25,27,15],"product_tag":[],"class_list":{"0":"post-260","1":"product","2":"type-product","3":"status-publish","4":"has-post-thumbnail","6":"product_cat-car","7":"product_cat-home","8":"product_cat-uncategorized","10":"first","11":"instock","12":"sale","13":"taxable","14":"shipping-taxable","15":"purchasable","16":"product-type-simple"},"acf":[],"_links":{"self":[{"href":"https:\/\/linoexpress.com\/sk\/wp-json\/wp\/v2\/product\/260","targetHints":{"allow":["GET"]}}],"collection":[{"href":"https:\/\/linoexpress.com\/sk\/wp-json\/wp\/v2\/product"}],"about":[{"href":"https:\/\/linoexpress.com\/sk\/wp-json\/wp\/v2\/types\/product"}],"replies":[{"embeddable":true,"href":"https:\/\/linoexpress.com\/sk\/wp-json\/wp\/v2\/comments?post=260"}],"wp:featuredmedia":[{"embeddable":true,"href":"https:\/\/linoexpress.com\/sk\/wp-json\/wp\/v2\/media\/1187"}],"wp:attachment":[{"href":"https:\/\/linoexpress.com\/sk\/wp-json\/wp\/v2\/media?parent=260"}],"wp:term":[{"taxonomy":"product_brand","embeddable":true,"href":"https:\/\/linoexpress.com\/sk\/wp-json\/wp\/v2\/product_brand?post=260"},{"taxonomy":"product_cat","embeddable":true,"href":"https:\/\/linoexpress.com\/sk\/wp-json\/wp\/v2\/product_cat?post=260"},{"taxonomy":"product_tag","embeddable":true,"href":"https:\/\/linoexpress.com\/sk\/wp-json\/wp\/v2\/product_tag?post=260"}],"curies":[{"name":"wp","href":"https:\/\/api.w.org\/{rel}","templated":true}]}}