{"id":2765,"date":"2022-06-15T12:01:56","date_gmt":"2022-06-15T10:01:56","guid":{"rendered":"https:\/\/linoexpress.com\/sk\/?post_type=product&#038;p=2765"},"modified":"2024-06-19T12:17:09","modified_gmt":"2024-06-19T10:17:09","slug":"letna-pushup-podprsenka-bez-ramienok","status":"publish","type":"product","link":"https:\/\/linoexpress.com\/sk\/produkt\/letna-pushup-podprsenka-bez-ramienok\/","title":{"rendered":"Letn\u00e1 PushUp podprsenka bez ramienok"},"content":{"rendered":"","protected":false},"excerpt":{"rendered":"<p>Zdvihnite prsia pre ve\u013ekolep\u00fd vzh\u013ead s hlb\u0161\u00edm v\u00fdstrihom pri akejko\u013evek pr\u00edle\u017eitosti a kombin\u00e1cii. T\u00e1to PusUp podprsenka bez ramienok zostane skryt\u00e1 pod ak\u00fdmko\u013evek oble\u010den\u00edm.<\/p>\n<ul>\n<li>A-B &#8211; vhodn\u00e9 pre A\/B ko\u0161\u00edk<\/li>\n<li>C-D &#8211; vhodn\u00e9 pre C\/D ko\u0161\u00edk<\/li>\n<li>E-F &#8211; vhodn\u00e9 pre E\/F ko\u0161\u00edk<\/li>\n<\/ul>\n","protected":false},"featured_media":2767,"comment_status":"closed","ping_status":"closed","template":"","meta":{"inline_featured_image":false},"product_brand":[],"product_cat":[28,15],"product_tag":[],"class_list":{"0":"post-2765","1":"product","2":"type-product","3":"status-publish","4":"has-post-thumbnail","6":"product_cat-beauty","7":"product_cat-uncategorized","9":"first","10":"instock","11":"sale","12":"taxable","13":"shipping-taxable","14":"purchasable","15":"product-type-variable"},"acf":[],"_links":{"self":[{"href":"https:\/\/linoexpress.com\/sk\/wp-json\/wp\/v2\/product\/2765","targetHints":{"allow":["GET"]}}],"collection":[{"href":"https:\/\/linoexpress.com\/sk\/wp-json\/wp\/v2\/product"}],"about":[{"href":"https:\/\/linoexpress.com\/sk\/wp-json\/wp\/v2\/types\/product"}],"replies":[{"embeddable":true,"href":"https:\/\/linoexpress.com\/sk\/wp-json\/wp\/v2\/comments?post=2765"}],"wp:featuredmedia":[{"embeddable":true,"href":"https:\/\/linoexpress.com\/sk\/wp-json\/wp\/v2\/media\/2767"}],"wp:attachment":[{"href":"https:\/\/linoexpress.com\/sk\/wp-json\/wp\/v2\/media?parent=2765"}],"wp:term":[{"taxonomy":"product_brand","embeddable":true,"href":"https:\/\/linoexpress.com\/sk\/wp-json\/wp\/v2\/product_brand?post=2765"},{"taxonomy":"product_cat","embeddable":true,"href":"https:\/\/linoexpress.com\/sk\/wp-json\/wp\/v2\/product_cat?post=2765"},{"taxonomy":"product_tag","embeddable":true,"href":"https:\/\/linoexpress.com\/sk\/wp-json\/wp\/v2\/product_tag?post=2765"}],"curies":[{"name":"wp","href":"https:\/\/api.w.org\/{rel}","templated":true}]}}