{"id":2856,"date":"2022-06-22T13:19:25","date_gmt":"2022-06-22T11:19:25","guid":{"rendered":"https:\/\/linoexpress.com\/sk\/?post_type=product&#038;p=2856"},"modified":"2024-06-19T12:16:51","modified_gmt":"2024-06-19T10:16:51","slug":"hra-na-hladanie-tvaru","status":"publish","type":"product","link":"https:\/\/linoexpress.com\/sk\/produkt\/hra-na-hladanie-tvaru\/","title":{"rendered":"Hra na h\u013eadanie tvaru"},"content":{"rendered":"","protected":false},"excerpt":{"rendered":"<p>T\u00e1to zmyslovo vzdel\u00e1vacia hra na porovn\u00e1vanie a h\u013eadanie zhodn\u00fdch tvarov je ide\u00e1lnou kombin\u00e1ciou u\u010denia a z\u00e1bavy. Doprajte svojim de\u0165om dokonal\u00fa z\u00e1bavu!<\/p>\n","protected":false},"featured_media":2861,"comment_status":"closed","ping_status":"closed","template":"","meta":{"inline_featured_image":false},"product_brand":[],"product_cat":[15,35],"product_tag":[],"class_list":{"0":"post-2856","1":"product","2":"type-product","3":"status-publish","4":"has-post-thumbnail","6":"product_cat-uncategorized","7":"product_cat-fun","9":"first","10":"instock","11":"sale","12":"taxable","13":"shipping-taxable","14":"purchasable","15":"product-type-simple"},"acf":[],"_links":{"self":[{"href":"https:\/\/linoexpress.com\/sk\/wp-json\/wp\/v2\/product\/2856","targetHints":{"allow":["GET"]}}],"collection":[{"href":"https:\/\/linoexpress.com\/sk\/wp-json\/wp\/v2\/product"}],"about":[{"href":"https:\/\/linoexpress.com\/sk\/wp-json\/wp\/v2\/types\/product"}],"replies":[{"embeddable":true,"href":"https:\/\/linoexpress.com\/sk\/wp-json\/wp\/v2\/comments?post=2856"}],"wp:featuredmedia":[{"embeddable":true,"href":"https:\/\/linoexpress.com\/sk\/wp-json\/wp\/v2\/media\/2861"}],"wp:attachment":[{"href":"https:\/\/linoexpress.com\/sk\/wp-json\/wp\/v2\/media?parent=2856"}],"wp:term":[{"taxonomy":"product_brand","embeddable":true,"href":"https:\/\/linoexpress.com\/sk\/wp-json\/wp\/v2\/product_brand?post=2856"},{"taxonomy":"product_cat","embeddable":true,"href":"https:\/\/linoexpress.com\/sk\/wp-json\/wp\/v2\/product_cat?post=2856"},{"taxonomy":"product_tag","embeddable":true,"href":"https:\/\/linoexpress.com\/sk\/wp-json\/wp\/v2\/product_tag?post=2856"}],"curies":[{"name":"wp","href":"https:\/\/api.w.org\/{rel}","templated":true}]}}