{"id":2981,"date":"2022-07-01T12:38:26","date_gmt":"2022-07-01T10:38:26","guid":{"rendered":"https:\/\/linoexpress.com\/sk\/?post_type=product&#038;p=2981"},"modified":"2023-05-09T12:50:41","modified_gmt":"2023-05-09T10:50:41","slug":"tekutina-na-bielenie-zubov","status":"publish","type":"product","link":"https:\/\/linoexpress.com\/sk\/produkt\/tekutina-na-bielenie-zubov\/","title":{"rendered":"Tekutina na bielenie zubov"},"content":{"rendered":"","protected":false},"excerpt":{"rendered":"<p>Neutralizujte \u0161kared\u00fa \u017elt\u00fa farbu zo zubov. Nech va\u0161e zuby vo ve\u013emi kr\u00e1tkom \u010dase za\u017eiaria a stan\u00fa sa perle\u0165ovo biele.<\/p>\n","protected":false},"featured_media":2982,"comment_status":"closed","ping_status":"closed","template":"","meta":{"inline_featured_image":false},"product_brand":[],"product_cat":[15],"product_tag":[],"class_list":{"0":"post-2981","1":"product","2":"type-product","3":"status-publish","4":"has-post-thumbnail","6":"product_cat-uncategorized","8":"first","9":"instock","10":"sale","11":"taxable","12":"shipping-taxable","13":"purchasable","14":"product-type-simple"},"acf":[],"_links":{"self":[{"href":"https:\/\/linoexpress.com\/sk\/wp-json\/wp\/v2\/product\/2981","targetHints":{"allow":["GET"]}}],"collection":[{"href":"https:\/\/linoexpress.com\/sk\/wp-json\/wp\/v2\/product"}],"about":[{"href":"https:\/\/linoexpress.com\/sk\/wp-json\/wp\/v2\/types\/product"}],"replies":[{"embeddable":true,"href":"https:\/\/linoexpress.com\/sk\/wp-json\/wp\/v2\/comments?post=2981"}],"wp:featuredmedia":[{"embeddable":true,"href":"https:\/\/linoexpress.com\/sk\/wp-json\/wp\/v2\/media\/2982"}],"wp:attachment":[{"href":"https:\/\/linoexpress.com\/sk\/wp-json\/wp\/v2\/media?parent=2981"}],"wp:term":[{"taxonomy":"product_brand","embeddable":true,"href":"https:\/\/linoexpress.com\/sk\/wp-json\/wp\/v2\/product_brand?post=2981"},{"taxonomy":"product_cat","embeddable":true,"href":"https:\/\/linoexpress.com\/sk\/wp-json\/wp\/v2\/product_cat?post=2981"},{"taxonomy":"product_tag","embeddable":true,"href":"https:\/\/linoexpress.com\/sk\/wp-json\/wp\/v2\/product_tag?post=2981"}],"curies":[{"name":"wp","href":"https:\/\/api.w.org\/{rel}","templated":true}]}}