{"id":2991,"date":"2022-07-01T16:09:36","date_gmt":"2022-07-01T14:09:36","guid":{"rendered":"https:\/\/linoexpress.com\/sk\/?post_type=product&#038;p=2991"},"modified":"2023-01-03T10:57:49","modified_gmt":"2023-01-03T09:57:49","slug":"gel-na-cistenie-a-bielenie-obuvi","status":"publish","type":"product","link":"https:\/\/linoexpress.com\/sk\/produkt\/gel-na-cistenie-a-bielenie-obuvi\/","title":{"rendered":"G\u00e9l na \u010distenie a bielenie obuvi"},"content":{"rendered":"","protected":false},"excerpt":{"rendered":"<p>Odstr\u00e1\u0148te ne\u010distoty a \u017elt\u00e9 \u0161kvrny zo st\u00e1tia s t\u00fdmto fenomen\u00e1lnym bieliacim a \u010distiacim g\u00e9lom!<\/p>\n","protected":false},"featured_media":2994,"comment_status":"closed","ping_status":"closed","template":"","meta":{"inline_featured_image":false},"product_brand":[],"product_cat":[27,15],"product_tag":[],"class_list":{"0":"post-2991","1":"product","2":"type-product","3":"status-publish","4":"has-post-thumbnail","6":"product_cat-home","7":"product_cat-uncategorized","9":"first","10":"instock","11":"sale","12":"taxable","13":"shipping-taxable","14":"purchasable","15":"product-type-simple"},"acf":[],"_links":{"self":[{"href":"https:\/\/linoexpress.com\/sk\/wp-json\/wp\/v2\/product\/2991","targetHints":{"allow":["GET"]}}],"collection":[{"href":"https:\/\/linoexpress.com\/sk\/wp-json\/wp\/v2\/product"}],"about":[{"href":"https:\/\/linoexpress.com\/sk\/wp-json\/wp\/v2\/types\/product"}],"replies":[{"embeddable":true,"href":"https:\/\/linoexpress.com\/sk\/wp-json\/wp\/v2\/comments?post=2991"}],"wp:featuredmedia":[{"embeddable":true,"href":"https:\/\/linoexpress.com\/sk\/wp-json\/wp\/v2\/media\/2994"}],"wp:attachment":[{"href":"https:\/\/linoexpress.com\/sk\/wp-json\/wp\/v2\/media?parent=2991"}],"wp:term":[{"taxonomy":"product_brand","embeddable":true,"href":"https:\/\/linoexpress.com\/sk\/wp-json\/wp\/v2\/product_brand?post=2991"},{"taxonomy":"product_cat","embeddable":true,"href":"https:\/\/linoexpress.com\/sk\/wp-json\/wp\/v2\/product_cat?post=2991"},{"taxonomy":"product_tag","embeddable":true,"href":"https:\/\/linoexpress.com\/sk\/wp-json\/wp\/v2\/product_tag?post=2991"}],"curies":[{"name":"wp","href":"https:\/\/api.w.org\/{rel}","templated":true}]}}