{"id":320,"date":"2020-12-01T10:25:37","date_gmt":"2020-12-01T09:25:37","guid":{"rendered":"https:\/\/shopium.eu\/rs\/?post_type=product&#038;p=320"},"modified":"2021-10-06T14:41:24","modified_gmt":"2021-10-06T12:41:24","slug":"profesionalny-prenosny-uzavierac-vreciek-sealant","status":"publish","type":"product","link":"https:\/\/linoexpress.com\/sk\/produkt\/profesionalny-prenosny-uzavierac-vreciek-sealant\/","title":{"rendered":"Profesion\u00e1lny prenosn\u00fd uzaviera\u010d vreciek &#8211; Sealant"},"content":{"rendered":"<p>Zachovajte si kvalitu a svie\u017eos\u0165 potrav\u00edn pomocou tohto mini prenosn\u00e9ho tepeln\u00e9ho uzaviera\u010da vreciek a chr\u00e1\u0148te kvalitu a svie\u017eos\u0165 potrav\u00edn \u00faplne jednoducho a s maxim\u00e1lnou \u00fa\u010dinnos\u0165ou.<\/p>\n","protected":false},"excerpt":{"rendered":"<p>Zachovajte si kvalitu a svie\u017eos\u0165 potrav\u00edn pomocou tohto mini prenosn\u00e9ho tepeln\u00e9ho uzaviera\u010da vreciek a chr\u00e1\u0148te kvalitu a svie\u017eos\u0165 potrav\u00edn \u00faplne jednoducho a s maxim\u00e1lnou \u00fa\u010dinnos\u0165ou.<\/p>\n","protected":false},"featured_media":326,"comment_status":"closed","ping_status":"closed","template":"","meta":{"inline_featured_image":false},"product_brand":[],"product_cat":[27,24,15],"product_tag":[],"class_list":{"0":"post-320","1":"product","2":"type-product","3":"status-publish","4":"has-post-thumbnail","6":"product_cat-home","7":"product_cat-sale","8":"product_cat-uncategorized","10":"first","11":"instock","12":"sale","13":"taxable","14":"shipping-taxable","15":"purchasable","16":"product-type-simple"},"acf":[],"_links":{"self":[{"href":"https:\/\/linoexpress.com\/sk\/wp-json\/wp\/v2\/product\/320","targetHints":{"allow":["GET"]}}],"collection":[{"href":"https:\/\/linoexpress.com\/sk\/wp-json\/wp\/v2\/product"}],"about":[{"href":"https:\/\/linoexpress.com\/sk\/wp-json\/wp\/v2\/types\/product"}],"replies":[{"embeddable":true,"href":"https:\/\/linoexpress.com\/sk\/wp-json\/wp\/v2\/comments?post=320"}],"wp:featuredmedia":[{"embeddable":true,"href":"https:\/\/linoexpress.com\/sk\/wp-json\/wp\/v2\/media\/326"}],"wp:attachment":[{"href":"https:\/\/linoexpress.com\/sk\/wp-json\/wp\/v2\/media?parent=320"}],"wp:term":[{"taxonomy":"product_brand","embeddable":true,"href":"https:\/\/linoexpress.com\/sk\/wp-json\/wp\/v2\/product_brand?post=320"},{"taxonomy":"product_cat","embeddable":true,"href":"https:\/\/linoexpress.com\/sk\/wp-json\/wp\/v2\/product_cat?post=320"},{"taxonomy":"product_tag","embeddable":true,"href":"https:\/\/linoexpress.com\/sk\/wp-json\/wp\/v2\/product_tag?post=320"}],"curies":[{"name":"wp","href":"https:\/\/api.w.org\/{rel}","templated":true}]}}