{"id":3403,"date":"2022-07-30T14:46:12","date_gmt":"2022-07-30T12:46:12","guid":{"rendered":"https:\/\/linoexpress.com\/sk\/?post_type=product&#038;p=3403"},"modified":"2023-05-15T13:49:04","modified_gmt":"2023-05-15T11:49:04","slug":"tekutina-na-beleni-zubu","status":"publish","type":"product","link":"https:\/\/linoexpress.com\/sk\/produkt\/tekutina-na-beleni-zubu\/","title":{"rendered":"Tekutina na b\u011blen\u00ed zub\u016f"},"content":{"rendered":"","protected":false},"excerpt":{"rendered":"<p>Neutralizujte o\u0161klivou \u017elutou barvu ze sv\u00fdch zub\u016f. Za velmi kr\u00e1tkou dobu nechte sv\u00e9 zuby zaz\u00e1\u0159it a z\u00edskat perle\u0165ov\u011b b\u00edl\u00e9 zuby.<\/p>\n","protected":false},"featured_media":3408,"comment_status":"closed","ping_status":"closed","template":"","meta":{"inline_featured_image":false},"product_brand":[],"product_cat":[28,15,26],"product_tag":[],"class_list":{"0":"post-3403","1":"product","2":"type-product","3":"status-publish","4":"has-post-thumbnail","6":"product_cat-beauty","7":"product_cat-uncategorized","8":"product_cat-health","10":"first","11":"instock","12":"sale","13":"taxable","14":"shipping-taxable","15":"purchasable","16":"product-type-simple"},"acf":[],"_links":{"self":[{"href":"https:\/\/linoexpress.com\/sk\/wp-json\/wp\/v2\/product\/3403","targetHints":{"allow":["GET"]}}],"collection":[{"href":"https:\/\/linoexpress.com\/sk\/wp-json\/wp\/v2\/product"}],"about":[{"href":"https:\/\/linoexpress.com\/sk\/wp-json\/wp\/v2\/types\/product"}],"replies":[{"embeddable":true,"href":"https:\/\/linoexpress.com\/sk\/wp-json\/wp\/v2\/comments?post=3403"}],"wp:featuredmedia":[{"embeddable":true,"href":"https:\/\/linoexpress.com\/sk\/wp-json\/wp\/v2\/media\/3408"}],"wp:attachment":[{"href":"https:\/\/linoexpress.com\/sk\/wp-json\/wp\/v2\/media?parent=3403"}],"wp:term":[{"taxonomy":"product_brand","embeddable":true,"href":"https:\/\/linoexpress.com\/sk\/wp-json\/wp\/v2\/product_brand?post=3403"},{"taxonomy":"product_cat","embeddable":true,"href":"https:\/\/linoexpress.com\/sk\/wp-json\/wp\/v2\/product_cat?post=3403"},{"taxonomy":"product_tag","embeddable":true,"href":"https:\/\/linoexpress.com\/sk\/wp-json\/wp\/v2\/product_tag?post=3403"}],"curies":[{"name":"wp","href":"https:\/\/api.w.org\/{rel}","templated":true}]}}