{"id":3708,"date":"2022-08-10T13:05:48","date_gmt":"2022-08-10T11:05:48","guid":{"rendered":"https:\/\/linoexpress.com\/sk\/?post_type=product&#038;p=3708"},"modified":"2023-01-05T13:53:04","modified_gmt":"2023-01-05T12:53:04","slug":"11-zadarmo-opakovane-pouzitelne-samolepiace-mihalnice-waterlash","status":"publish","type":"product","link":"https:\/\/linoexpress.com\/sk\/produkt\/11-zadarmo-opakovane-pouzitelne-samolepiace-mihalnice-waterlash\/","title":{"rendered":"1+1 ZADARMO Opakovane pou\u017eite\u013en\u00e9 samolepiace mihalnice- WaterLash"},"content":{"rendered":"","protected":false},"excerpt":{"rendered":"<p>Vysk\u00fa\u0161ajte na\u0161e opakovane pou\u017eite\u013en\u00e9 samolepiace mihalnice, ktor\u00e9 sa jednoducho a r\u00fdchlo nas\u00e1dzaj\u00fa a v\u00fdrazne zjednodu\u0161uj\u00fa proces l\u00ed\u010denia. S\u00fa rovnako prirodzen\u00e9 ako va\u0161e vlastn\u00e9 mihalnice a daj\u00fa sa znova pou\u017ei\u0165.<\/p>\n","protected":false},"featured_media":2714,"comment_status":"closed","ping_status":"closed","template":"","meta":{"inline_featured_image":false},"product_brand":[],"product_cat":[28,24,15],"product_tag":[],"class_list":{"0":"post-3708","1":"product","2":"type-product","3":"status-publish","4":"has-post-thumbnail","6":"product_cat-beauty","7":"product_cat-sale","8":"product_cat-uncategorized","10":"first","11":"instock","12":"sale","13":"taxable","14":"shipping-taxable","15":"purchasable","16":"product-type-simple"},"acf":[],"_links":{"self":[{"href":"https:\/\/linoexpress.com\/sk\/wp-json\/wp\/v2\/product\/3708","targetHints":{"allow":["GET"]}}],"collection":[{"href":"https:\/\/linoexpress.com\/sk\/wp-json\/wp\/v2\/product"}],"about":[{"href":"https:\/\/linoexpress.com\/sk\/wp-json\/wp\/v2\/types\/product"}],"replies":[{"embeddable":true,"href":"https:\/\/linoexpress.com\/sk\/wp-json\/wp\/v2\/comments?post=3708"}],"wp:featuredmedia":[{"embeddable":true,"href":"https:\/\/linoexpress.com\/sk\/wp-json\/wp\/v2\/media\/2714"}],"wp:attachment":[{"href":"https:\/\/linoexpress.com\/sk\/wp-json\/wp\/v2\/media?parent=3708"}],"wp:term":[{"taxonomy":"product_brand","embeddable":true,"href":"https:\/\/linoexpress.com\/sk\/wp-json\/wp\/v2\/product_brand?post=3708"},{"taxonomy":"product_cat","embeddable":true,"href":"https:\/\/linoexpress.com\/sk\/wp-json\/wp\/v2\/product_cat?post=3708"},{"taxonomy":"product_tag","embeddable":true,"href":"https:\/\/linoexpress.com\/sk\/wp-json\/wp\/v2\/product_tag?post=3708"}],"curies":[{"name":"wp","href":"https:\/\/api.w.org\/{rel}","templated":true}]}}