{"id":3778,"date":"2022-08-12T13:05:51","date_gmt":"2022-08-12T11:05:51","guid":{"rendered":"https:\/\/linoexpress.com\/sk\/?post_type=product&#038;p=3778"},"modified":"2024-06-19T12:16:40","modified_gmt":"2024-06-19T10:16:40","slug":"hodiny-s-autom-na-dialkove-ovladanie","status":"publish","type":"product","link":"https:\/\/linoexpress.com\/sk\/produkt\/hodiny-s-autom-na-dialkove-ovladanie\/","title":{"rendered":"Hodiny s autom na dia\u013ekov\u00e9 ovl\u00e1danie"},"content":{"rendered":"","protected":false},"excerpt":{"rendered":"<p>Fenomen\u00e1lna a praktick\u00e1 hra\u010dka, ktor\u00e1 rozosmeje a zabav\u00ed ka\u017ed\u00e9 die\u0165a vo v\u0161etk\u00fdch situ\u00e1ci\u00e1ch. Praktick\u00fd dizajn umo\u017en\u00ed die\u0165a\u0165u ma\u0165 svoju ob\u013e\u00faben\u00fa hra\u010dku st\u00e1le pri sebe!<\/p>\n","protected":false},"featured_media":3780,"comment_status":"closed","ping_status":"closed","template":"","meta":{"inline_featured_image":false},"product_brand":[],"product_cat":[15,35],"product_tag":[],"class_list":{"0":"post-3778","1":"product","2":"type-product","3":"status-publish","4":"has-post-thumbnail","6":"product_cat-uncategorized","7":"product_cat-fun","9":"first","10":"instock","11":"sale","12":"taxable","13":"shipping-taxable","14":"purchasable","15":"product-type-simple"},"acf":[],"_links":{"self":[{"href":"https:\/\/linoexpress.com\/sk\/wp-json\/wp\/v2\/product\/3778","targetHints":{"allow":["GET"]}}],"collection":[{"href":"https:\/\/linoexpress.com\/sk\/wp-json\/wp\/v2\/product"}],"about":[{"href":"https:\/\/linoexpress.com\/sk\/wp-json\/wp\/v2\/types\/product"}],"replies":[{"embeddable":true,"href":"https:\/\/linoexpress.com\/sk\/wp-json\/wp\/v2\/comments?post=3778"}],"wp:featuredmedia":[{"embeddable":true,"href":"https:\/\/linoexpress.com\/sk\/wp-json\/wp\/v2\/media\/3780"}],"wp:attachment":[{"href":"https:\/\/linoexpress.com\/sk\/wp-json\/wp\/v2\/media?parent=3778"}],"wp:term":[{"taxonomy":"product_brand","embeddable":true,"href":"https:\/\/linoexpress.com\/sk\/wp-json\/wp\/v2\/product_brand?post=3778"},{"taxonomy":"product_cat","embeddable":true,"href":"https:\/\/linoexpress.com\/sk\/wp-json\/wp\/v2\/product_cat?post=3778"},{"taxonomy":"product_tag","embeddable":true,"href":"https:\/\/linoexpress.com\/sk\/wp-json\/wp\/v2\/product_tag?post=3778"}],"curies":[{"name":"wp","href":"https:\/\/api.w.org\/{rel}","templated":true}]}}