{"id":4566,"date":"2022-09-29T12:51:25","date_gmt":"2022-09-29T10:51:25","guid":{"rendered":"https:\/\/linoexpress.com\/sk\/?post_type=product&#038;p=4566"},"modified":"2024-06-19T12:16:16","modified_gmt":"2024-06-19T10:16:16","slug":"rucna-elektricka-suprava-na-krajanie-zeleniny-4-v-1","status":"publish","type":"product","link":"https:\/\/linoexpress.com\/sk\/produkt\/rucna-elektricka-suprava-na-krajanie-zeleniny-4-v-1\/","title":{"rendered":"Ru\u010dn\u00e1 elektrick\u00e1 s\u00faprava na kr\u00e1janie zeleniny 4 v 1"},"content":{"rendered":"","protected":false},"excerpt":{"rendered":"<p>Multifunk\u010dn\u00e1 s\u00faprava 4 v 1 na kr\u00e1janie ovocia, zeleniny, elektrick\u00e1 kefa alebo mlyn\u010dek na m\u00e4so. Iba s jedn\u00fdm produktom m\u00f4\u017eete pracova\u0165 mnoh\u00fdmi r\u00f4znymi sp\u00f4sobmi.<\/p>\n","protected":false},"featured_media":4574,"comment_status":"closed","ping_status":"closed","template":"","meta":{"inline_featured_image":false},"product_brand":[],"product_cat":[27,15],"product_tag":[],"class_list":{"0":"post-4566","1":"product","2":"type-product","3":"status-publish","4":"has-post-thumbnail","6":"product_cat-home","7":"product_cat-uncategorized","9":"first","10":"instock","11":"sale","12":"taxable","13":"shipping-taxable","14":"purchasable","15":"product-type-simple"},"acf":[],"_links":{"self":[{"href":"https:\/\/linoexpress.com\/sk\/wp-json\/wp\/v2\/product\/4566","targetHints":{"allow":["GET"]}}],"collection":[{"href":"https:\/\/linoexpress.com\/sk\/wp-json\/wp\/v2\/product"}],"about":[{"href":"https:\/\/linoexpress.com\/sk\/wp-json\/wp\/v2\/types\/product"}],"replies":[{"embeddable":true,"href":"https:\/\/linoexpress.com\/sk\/wp-json\/wp\/v2\/comments?post=4566"}],"wp:featuredmedia":[{"embeddable":true,"href":"https:\/\/linoexpress.com\/sk\/wp-json\/wp\/v2\/media\/4574"}],"wp:attachment":[{"href":"https:\/\/linoexpress.com\/sk\/wp-json\/wp\/v2\/media?parent=4566"}],"wp:term":[{"taxonomy":"product_brand","embeddable":true,"href":"https:\/\/linoexpress.com\/sk\/wp-json\/wp\/v2\/product_brand?post=4566"},{"taxonomy":"product_cat","embeddable":true,"href":"https:\/\/linoexpress.com\/sk\/wp-json\/wp\/v2\/product_cat?post=4566"},{"taxonomy":"product_tag","embeddable":true,"href":"https:\/\/linoexpress.com\/sk\/wp-json\/wp\/v2\/product_tag?post=4566"}],"curies":[{"name":"wp","href":"https:\/\/api.w.org\/{rel}","templated":true}]}}