{"id":4916,"date":"2022-10-14T11:11:20","date_gmt":"2022-10-14T09:11:20","guid":{"rendered":"https:\/\/linoexpress.com\/sk\/?post_type=product&#038;p=4916"},"modified":"2025-10-07T10:55:12","modified_gmt":"2025-10-07T08:55:12","slug":"3d-obrazkove-rozpravkove-knihy-2-2","status":"publish","type":"product","link":"https:\/\/linoexpress.com\/sk\/produkt\/3d-obrazkove-rozpravkove-knihy-2-2\/","title":{"rendered":"3D obr\u00e1zkov\u00e9 rozpr\u00e1vkov\u00e9 knihy"},"content":{"rendered":"","protected":false},"excerpt":{"rendered":"<p>Vysokokvalitn\u00e9 3D obr\u00e1zkov\u00e9 knihy s ob\u013e\u00faben\u00fdmi rozpr\u00e1vkami pote\u0161ia va\u0161e deti a zrelaxuj\u00fa ich. Popustite uzdu detskej fant\u00e1zii s t\u00fdmito skvel\u00fdmi rozpr\u00e1vkami.<\/p>\n","protected":false},"featured_media":4920,"comment_status":"closed","ping_status":"closed","template":"","meta":{"inline_featured_image":false},"product_brand":[],"product_cat":[15],"product_tag":[],"class_list":{"0":"post-4916","1":"product","2":"type-product","3":"status-publish","4":"has-post-thumbnail","6":"product_cat-uncategorized","8":"first","9":"instock","10":"sale","11":"taxable","12":"shipping-taxable","13":"purchasable","14":"product-type-variable"},"acf":[],"_links":{"self":[{"href":"https:\/\/linoexpress.com\/sk\/wp-json\/wp\/v2\/product\/4916","targetHints":{"allow":["GET"]}}],"collection":[{"href":"https:\/\/linoexpress.com\/sk\/wp-json\/wp\/v2\/product"}],"about":[{"href":"https:\/\/linoexpress.com\/sk\/wp-json\/wp\/v2\/types\/product"}],"replies":[{"embeddable":true,"href":"https:\/\/linoexpress.com\/sk\/wp-json\/wp\/v2\/comments?post=4916"}],"wp:featuredmedia":[{"embeddable":true,"href":"https:\/\/linoexpress.com\/sk\/wp-json\/wp\/v2\/media\/4920"}],"wp:attachment":[{"href":"https:\/\/linoexpress.com\/sk\/wp-json\/wp\/v2\/media?parent=4916"}],"wp:term":[{"taxonomy":"product_brand","embeddable":true,"href":"https:\/\/linoexpress.com\/sk\/wp-json\/wp\/v2\/product_brand?post=4916"},{"taxonomy":"product_cat","embeddable":true,"href":"https:\/\/linoexpress.com\/sk\/wp-json\/wp\/v2\/product_cat?post=4916"},{"taxonomy":"product_tag","embeddable":true,"href":"https:\/\/linoexpress.com\/sk\/wp-json\/wp\/v2\/product_tag?post=4916"}],"curies":[{"name":"wp","href":"https:\/\/api.w.org\/{rel}","templated":true}]}}