{"id":5127,"date":"2022-10-21T13:12:50","date_gmt":"2022-10-21T11:12:50","guid":{"rendered":"https:\/\/linoexpress.com\/sk\/?post_type=product&#038;p=5127"},"modified":"2024-06-19T12:15:54","modified_gmt":"2024-06-19T10:15:54","slug":"holograficky-projektor-2","status":"publish","type":"product","link":"https:\/\/linoexpress.com\/sk\/produkt\/holograficky-projektor-2\/","title":{"rendered":"Holografick\u00fd projektor"},"content":{"rendered":"","protected":false},"excerpt":{"rendered":"<p>Posu\u0148te zdobenie v\u00e1\u0161ho domu na sviatky na vy\u0161\u0161iu \u00farove\u0148. Dvan\u00e1s\u0165 r\u00f4znych projekci\u00ed urob\u00ed tieto sviatky nezabudnute\u013en\u00fdmi. Urobte zo svojho domu ten najstra\u0161idelnej\u0161\u00ed na Halloween a naj\u0161\u0165astnej\u0161\u00ed na Vianoce.<\/p>\n","protected":false},"featured_media":5130,"comment_status":"closed","ping_status":"closed","template":"","meta":{"inline_featured_image":false},"product_brand":[],"product_cat":[15,35],"product_tag":[],"class_list":{"0":"post-5127","1":"product","2":"type-product","3":"status-publish","4":"has-post-thumbnail","6":"product_cat-uncategorized","7":"product_cat-fun","9":"first","10":"instock","11":"sale","12":"taxable","13":"shipping-taxable","14":"purchasable","15":"product-type-simple"},"acf":[],"_links":{"self":[{"href":"https:\/\/linoexpress.com\/sk\/wp-json\/wp\/v2\/product\/5127","targetHints":{"allow":["GET"]}}],"collection":[{"href":"https:\/\/linoexpress.com\/sk\/wp-json\/wp\/v2\/product"}],"about":[{"href":"https:\/\/linoexpress.com\/sk\/wp-json\/wp\/v2\/types\/product"}],"replies":[{"embeddable":true,"href":"https:\/\/linoexpress.com\/sk\/wp-json\/wp\/v2\/comments?post=5127"}],"wp:featuredmedia":[{"embeddable":true,"href":"https:\/\/linoexpress.com\/sk\/wp-json\/wp\/v2\/media\/5130"}],"wp:attachment":[{"href":"https:\/\/linoexpress.com\/sk\/wp-json\/wp\/v2\/media?parent=5127"}],"wp:term":[{"taxonomy":"product_brand","embeddable":true,"href":"https:\/\/linoexpress.com\/sk\/wp-json\/wp\/v2\/product_brand?post=5127"},{"taxonomy":"product_cat","embeddable":true,"href":"https:\/\/linoexpress.com\/sk\/wp-json\/wp\/v2\/product_cat?post=5127"},{"taxonomy":"product_tag","embeddable":true,"href":"https:\/\/linoexpress.com\/sk\/wp-json\/wp\/v2\/product_tag?post=5127"}],"curies":[{"name":"wp","href":"https:\/\/api.w.org\/{rel}","templated":true}]}}