{"id":5273,"date":"2022-10-27T09:20:11","date_gmt":"2022-10-27T07:20:11","guid":{"rendered":"https:\/\/linoexpress.com\/sk\/?post_type=product&#038;p=5273"},"modified":"2022-11-08T13:21:09","modified_gmt":"2022-11-08T12:21:09","slug":"nastavec-na-rezanie-kovov","status":"publish","type":"product","link":"https:\/\/linoexpress.com\/sk\/produkt\/nastavec-na-rezanie-kovov\/","title":{"rendered":"N\u00e1stavec na rezanie kovov"},"content":{"rendered":"","protected":false},"excerpt":{"rendered":"<p>Vysok\u00e1 r\u00fdchlos\u0165 rezania a \u010dist\u00e9 a presn\u00e9 rezy v\u00e1m umo\u017enia maxim\u00e1lnu efektivitu a presnos\u0165. Dokonale prech\u00e1dza \u00fazkymi vzormi a\u00a0rohmi, \u010do zaka\u017ed\u00fdm umo\u017e\u0148uje optim\u00e1lny rez.<\/p>\n","protected":false},"featured_media":5277,"comment_status":"closed","ping_status":"closed","template":"","meta":{"inline_featured_image":false},"product_brand":[],"product_cat":[15],"product_tag":[],"class_list":{"0":"post-5273","1":"product","2":"type-product","3":"status-publish","4":"has-post-thumbnail","6":"product_cat-uncategorized","8":"first","9":"instock","10":"sale","11":"taxable","12":"shipping-taxable","13":"purchasable","14":"product-type-simple"},"acf":[],"_links":{"self":[{"href":"https:\/\/linoexpress.com\/sk\/wp-json\/wp\/v2\/product\/5273","targetHints":{"allow":["GET"]}}],"collection":[{"href":"https:\/\/linoexpress.com\/sk\/wp-json\/wp\/v2\/product"}],"about":[{"href":"https:\/\/linoexpress.com\/sk\/wp-json\/wp\/v2\/types\/product"}],"replies":[{"embeddable":true,"href":"https:\/\/linoexpress.com\/sk\/wp-json\/wp\/v2\/comments?post=5273"}],"wp:featuredmedia":[{"embeddable":true,"href":"https:\/\/linoexpress.com\/sk\/wp-json\/wp\/v2\/media\/5277"}],"wp:attachment":[{"href":"https:\/\/linoexpress.com\/sk\/wp-json\/wp\/v2\/media?parent=5273"}],"wp:term":[{"taxonomy":"product_brand","embeddable":true,"href":"https:\/\/linoexpress.com\/sk\/wp-json\/wp\/v2\/product_brand?post=5273"},{"taxonomy":"product_cat","embeddable":true,"href":"https:\/\/linoexpress.com\/sk\/wp-json\/wp\/v2\/product_cat?post=5273"},{"taxonomy":"product_tag","embeddable":true,"href":"https:\/\/linoexpress.com\/sk\/wp-json\/wp\/v2\/product_tag?post=5273"}],"curies":[{"name":"wp","href":"https:\/\/api.w.org\/{rel}","templated":true}]}}