{"id":5281,"date":"2022-10-27T09:59:09","date_gmt":"2022-10-27T07:59:09","guid":{"rendered":"https:\/\/linoexpress.com\/sk\/?post_type=product&#038;p=5281"},"modified":"2022-10-27T10:06:18","modified_gmt":"2022-10-27T08:06:18","slug":"diy-suprava-na-vyrobu-naramkov","status":"publish","type":"product","link":"https:\/\/linoexpress.com\/sk\/produkt\/diy-suprava-na-vyrobu-naramkov\/","title":{"rendered":"DIY s\u00faprava na v\u00fdrobu n\u00e1ramkov"},"content":{"rendered":"","protected":false},"excerpt":{"rendered":"<p>Vyjadrite svoju kreativitu a vyrobte si jedine\u010dn\u00e9 n\u00e1ramky. V tejto s\u00faprave z\u00edskate v\u0161etko, \u010do potrebujete na v\u00fdrobu kr\u00e1snych \u0161perkov.<\/p>\n","protected":false},"featured_media":5286,"comment_status":"closed","ping_status":"closed","template":"","meta":{"inline_featured_image":false},"product_brand":[],"product_cat":[15],"product_tag":[],"class_list":{"0":"post-5281","1":"product","2":"type-product","3":"status-publish","4":"has-post-thumbnail","6":"product_cat-uncategorized","8":"first","9":"instock","10":"sale","11":"taxable","12":"shipping-taxable","13":"purchasable","14":"product-type-simple"},"acf":[],"_links":{"self":[{"href":"https:\/\/linoexpress.com\/sk\/wp-json\/wp\/v2\/product\/5281","targetHints":{"allow":["GET"]}}],"collection":[{"href":"https:\/\/linoexpress.com\/sk\/wp-json\/wp\/v2\/product"}],"about":[{"href":"https:\/\/linoexpress.com\/sk\/wp-json\/wp\/v2\/types\/product"}],"replies":[{"embeddable":true,"href":"https:\/\/linoexpress.com\/sk\/wp-json\/wp\/v2\/comments?post=5281"}],"wp:featuredmedia":[{"embeddable":true,"href":"https:\/\/linoexpress.com\/sk\/wp-json\/wp\/v2\/media\/5286"}],"wp:attachment":[{"href":"https:\/\/linoexpress.com\/sk\/wp-json\/wp\/v2\/media?parent=5281"}],"wp:term":[{"taxonomy":"product_brand","embeddable":true,"href":"https:\/\/linoexpress.com\/sk\/wp-json\/wp\/v2\/product_brand?post=5281"},{"taxonomy":"product_cat","embeddable":true,"href":"https:\/\/linoexpress.com\/sk\/wp-json\/wp\/v2\/product_cat?post=5281"},{"taxonomy":"product_tag","embeddable":true,"href":"https:\/\/linoexpress.com\/sk\/wp-json\/wp\/v2\/product_tag?post=5281"}],"curies":[{"name":"wp","href":"https:\/\/api.w.org\/{rel}","templated":true}]}}