{"id":5643,"date":"2022-11-10T09:23:33","date_gmt":"2022-11-10T08:23:33","guid":{"rendered":"https:\/\/linoexpress.com\/sk\/?post_type=product&#038;p=5643"},"modified":"2023-03-21T08:51:56","modified_gmt":"2023-03-21T07:51:56","slug":"nadstavec-na-rezanie-kovu","status":"publish","type":"product","link":"https:\/\/linoexpress.com\/sk\/produkt\/nadstavec-na-rezanie-kovu\/","title":{"rendered":"Nadstavec na rezanie kovu"},"content":{"rendered":"","protected":false},"excerpt":{"rendered":"<p>Vysok\u00e1 r\u00fdchlos\u0165 rezania a \u010dist\u00e9 a presn\u00e9 rezy v\u00e1m umo\u017enia maxim\u00e1lnu efektivitu a presnos\u0165. Dokonale prech\u00e1dza \u00fazkymi vzormi a rohmi, \u010do zaka\u017ed\u00fdm poskytuje optim\u00e1lny rez.<\/p>\n","protected":false},"featured_media":5648,"comment_status":"closed","ping_status":"closed","template":"","meta":{"inline_featured_image":false},"product_brand":[],"product_cat":[27,15],"product_tag":[],"class_list":{"0":"post-5643","1":"product","2":"type-product","3":"status-publish","4":"has-post-thumbnail","6":"product_cat-home","7":"product_cat-uncategorized","9":"first","10":"instock","11":"sale","12":"taxable","13":"shipping-taxable","14":"purchasable","15":"product-type-simple"},"acf":[],"_links":{"self":[{"href":"https:\/\/linoexpress.com\/sk\/wp-json\/wp\/v2\/product\/5643","targetHints":{"allow":["GET"]}}],"collection":[{"href":"https:\/\/linoexpress.com\/sk\/wp-json\/wp\/v2\/product"}],"about":[{"href":"https:\/\/linoexpress.com\/sk\/wp-json\/wp\/v2\/types\/product"}],"replies":[{"embeddable":true,"href":"https:\/\/linoexpress.com\/sk\/wp-json\/wp\/v2\/comments?post=5643"}],"wp:featuredmedia":[{"embeddable":true,"href":"https:\/\/linoexpress.com\/sk\/wp-json\/wp\/v2\/media\/5648"}],"wp:attachment":[{"href":"https:\/\/linoexpress.com\/sk\/wp-json\/wp\/v2\/media?parent=5643"}],"wp:term":[{"taxonomy":"product_brand","embeddable":true,"href":"https:\/\/linoexpress.com\/sk\/wp-json\/wp\/v2\/product_brand?post=5643"},{"taxonomy":"product_cat","embeddable":true,"href":"https:\/\/linoexpress.com\/sk\/wp-json\/wp\/v2\/product_cat?post=5643"},{"taxonomy":"product_tag","embeddable":true,"href":"https:\/\/linoexpress.com\/sk\/wp-json\/wp\/v2\/product_tag?post=5643"}],"curies":[{"name":"wp","href":"https:\/\/api.w.org\/{rel}","templated":true}]}}