{"id":5858,"date":"2022-11-17T09:42:08","date_gmt":"2022-11-17T08:42:08","guid":{"rendered":"https:\/\/linoexpress.com\/sk\/?post_type=product&#038;p=5858"},"modified":"2025-10-07T10:55:21","modified_gmt":"2025-10-07T08:55:21","slug":"3d-obrazkove-rozpravkove-knihy","status":"publish","type":"product","link":"https:\/\/linoexpress.com\/sk\/produkt\/3d-obrazkove-rozpravkove-knihy\/","title":{"rendered":"3D obr\u00e1zkov\u00e9  rozpr\u00e1vkov\u00e9 knihy"},"content":{"rendered":"","protected":false},"excerpt":{"rendered":"<p>Vysokokvalitn\u00e9 3D obr\u00e1zkov\u00e9 knihy s ob\u013e\u00faben\u00fdmi rozpr\u00e1vkami pote\u0161ia va\u0161e deti a zrelaxuj\u00fa ich. Pustite uzdu detskej fant\u00e1zii s t\u00fdmito skvel\u00fdmi rozpr\u00e1vkami.<\/p>\n","protected":false},"featured_media":5865,"comment_status":"closed","ping_status":"closed","template":"","meta":{"inline_featured_image":false},"product_brand":[],"product_cat":[27,15,35],"product_tag":[],"class_list":{"0":"post-5858","1":"product","2":"type-product","3":"status-publish","4":"has-post-thumbnail","6":"product_cat-home","7":"product_cat-uncategorized","8":"product_cat-fun","10":"first","11":"instock","12":"sale","13":"taxable","14":"shipping-taxable","15":"purchasable","16":"product-type-simple"},"acf":[],"_links":{"self":[{"href":"https:\/\/linoexpress.com\/sk\/wp-json\/wp\/v2\/product\/5858","targetHints":{"allow":["GET"]}}],"collection":[{"href":"https:\/\/linoexpress.com\/sk\/wp-json\/wp\/v2\/product"}],"about":[{"href":"https:\/\/linoexpress.com\/sk\/wp-json\/wp\/v2\/types\/product"}],"replies":[{"embeddable":true,"href":"https:\/\/linoexpress.com\/sk\/wp-json\/wp\/v2\/comments?post=5858"}],"wp:featuredmedia":[{"embeddable":true,"href":"https:\/\/linoexpress.com\/sk\/wp-json\/wp\/v2\/media\/5865"}],"wp:attachment":[{"href":"https:\/\/linoexpress.com\/sk\/wp-json\/wp\/v2\/media?parent=5858"}],"wp:term":[{"taxonomy":"product_brand","embeddable":true,"href":"https:\/\/linoexpress.com\/sk\/wp-json\/wp\/v2\/product_brand?post=5858"},{"taxonomy":"product_cat","embeddable":true,"href":"https:\/\/linoexpress.com\/sk\/wp-json\/wp\/v2\/product_cat?post=5858"},{"taxonomy":"product_tag","embeddable":true,"href":"https:\/\/linoexpress.com\/sk\/wp-json\/wp\/v2\/product_tag?post=5858"}],"curies":[{"name":"wp","href":"https:\/\/api.w.org\/{rel}","templated":true}]}}