{"id":6746,"date":"2022-12-29T14:49:21","date_gmt":"2022-12-29T13:49:21","guid":{"rendered":"https:\/\/linoexpress.com\/sk\/?post_type=product&#038;p=6746"},"modified":"2023-01-04T12:21:22","modified_gmt":"2023-01-04T11:21:22","slug":"transformacny-kamion-2-v-1","status":"publish","type":"product","link":"https:\/\/linoexpress.com\/sk\/produkt\/transformacny-kamion-2-v-1\/","title":{"rendered":"Transforma\u010dn\u00fd kami\u00f3n 2 v 1"},"content":{"rendered":"","protected":false},"excerpt":{"rendered":"<p>Mega hra\u010dk\u00e1rske n\u00e1kladn\u00e9 auto so skryt\u00fdmi dr\u00e1hami je dokonalou hra\u010dkou pre va\u0161ich bl\u00edzkych. Perfektn\u00e1 hra\u010dka pre chlapcov na v\u0161etky pr\u00edle\u017eitosti.<\/p>\n","protected":false},"featured_media":6760,"comment_status":"closed","ping_status":"closed","template":"","meta":{"inline_featured_image":false},"product_brand":[],"product_cat":[15],"product_tag":[],"class_list":{"0":"post-6746","1":"product","2":"type-product","3":"status-publish","4":"has-post-thumbnail","6":"product_cat-uncategorized","8":"first","9":"instock","10":"sale","11":"taxable","12":"shipping-taxable","13":"purchasable","14":"product-type-simple"},"acf":[],"_links":{"self":[{"href":"https:\/\/linoexpress.com\/sk\/wp-json\/wp\/v2\/product\/6746","targetHints":{"allow":["GET"]}}],"collection":[{"href":"https:\/\/linoexpress.com\/sk\/wp-json\/wp\/v2\/product"}],"about":[{"href":"https:\/\/linoexpress.com\/sk\/wp-json\/wp\/v2\/types\/product"}],"replies":[{"embeddable":true,"href":"https:\/\/linoexpress.com\/sk\/wp-json\/wp\/v2\/comments?post=6746"}],"wp:featuredmedia":[{"embeddable":true,"href":"https:\/\/linoexpress.com\/sk\/wp-json\/wp\/v2\/media\/6760"}],"wp:attachment":[{"href":"https:\/\/linoexpress.com\/sk\/wp-json\/wp\/v2\/media?parent=6746"}],"wp:term":[{"taxonomy":"product_brand","embeddable":true,"href":"https:\/\/linoexpress.com\/sk\/wp-json\/wp\/v2\/product_brand?post=6746"},{"taxonomy":"product_cat","embeddable":true,"href":"https:\/\/linoexpress.com\/sk\/wp-json\/wp\/v2\/product_cat?post=6746"},{"taxonomy":"product_tag","embeddable":true,"href":"https:\/\/linoexpress.com\/sk\/wp-json\/wp\/v2\/product_tag?post=6746"}],"curies":[{"name":"wp","href":"https:\/\/api.w.org\/{rel}","templated":true}]}}