{"id":6767,"date":"2022-12-29T15:01:34","date_gmt":"2022-12-29T14:01:34","guid":{"rendered":"https:\/\/linoexpress.com\/sk\/?post_type=product&#038;p=6767"},"modified":"2023-02-28T11:46:30","modified_gmt":"2023-02-28T10:46:30","slug":"dynamicka-led-paska-do-auta","status":"publish","type":"product","link":"https:\/\/linoexpress.com\/sk\/produkt\/dynamicka-led-paska-do-auta\/","title":{"rendered":"Dynamick\u00e1 LED p\u00e1ska do auta"},"content":{"rendered":"","protected":false},"excerpt":{"rendered":"<p>Dynamick\u00e1 LED p\u00e1ska zlep\u0161\u00ed v\u00fdzor v\u00e1\u0161ho auta na vy\u0161\u0161iu \u00farove\u0148. Jednoduch\u00e1 a nen\u00e1ro\u010dn\u00e1 mont\u00e1\u017e, univerz\u00e1lna pre v\u0161etky aut\u00e1.<\/p>\n","protected":false},"featured_media":6772,"comment_status":"closed","ping_status":"closed","template":"","meta":{"inline_featured_image":false},"product_brand":[],"product_cat":[15],"product_tag":[],"class_list":{"0":"post-6767","1":"product","2":"type-product","3":"status-publish","4":"has-post-thumbnail","6":"product_cat-uncategorized","8":"first","9":"instock","10":"sale","11":"taxable","12":"shipping-taxable","13":"purchasable","14":"product-type-simple"},"acf":[],"_links":{"self":[{"href":"https:\/\/linoexpress.com\/sk\/wp-json\/wp\/v2\/product\/6767","targetHints":{"allow":["GET"]}}],"collection":[{"href":"https:\/\/linoexpress.com\/sk\/wp-json\/wp\/v2\/product"}],"about":[{"href":"https:\/\/linoexpress.com\/sk\/wp-json\/wp\/v2\/types\/product"}],"replies":[{"embeddable":true,"href":"https:\/\/linoexpress.com\/sk\/wp-json\/wp\/v2\/comments?post=6767"}],"wp:featuredmedia":[{"embeddable":true,"href":"https:\/\/linoexpress.com\/sk\/wp-json\/wp\/v2\/media\/6772"}],"wp:attachment":[{"href":"https:\/\/linoexpress.com\/sk\/wp-json\/wp\/v2\/media?parent=6767"}],"wp:term":[{"taxonomy":"product_brand","embeddable":true,"href":"https:\/\/linoexpress.com\/sk\/wp-json\/wp\/v2\/product_brand?post=6767"},{"taxonomy":"product_cat","embeddable":true,"href":"https:\/\/linoexpress.com\/sk\/wp-json\/wp\/v2\/product_cat?post=6767"},{"taxonomy":"product_tag","embeddable":true,"href":"https:\/\/linoexpress.com\/sk\/wp-json\/wp\/v2\/product_tag?post=6767"}],"curies":[{"name":"wp","href":"https:\/\/api.w.org\/{rel}","templated":true}]}}