{"id":7144,"date":"2023-01-23T12:22:25","date_gmt":"2023-01-23T11:22:25","guid":{"rendered":"https:\/\/linoexpress.com\/sk\/?post_type=product&#038;p=7144"},"modified":"2024-05-27T11:54:27","modified_gmt":"2024-05-27T09:54:27","slug":"pasca-na-mysi-a-potkany-mtrap","status":"publish","type":"product","link":"https:\/\/linoexpress.com\/sk\/produkt\/pasca-na-mysi-a-potkany-mtrap\/","title":{"rendered":"Pasca na my\u0161i a potkany &#8211; Mtrap"},"content":{"rendered":"","protected":false},"excerpt":{"rendered":"<p>T\u00e1to pasca na my\u0161i chyt\u00ed v\u0161etko! Postarajte sa o my\u0161i a potkany a zbavte sa ich nav\u017edy!<\/p>\n","protected":false},"featured_media":7150,"comment_status":"closed","ping_status":"closed","template":"","meta":{"inline_featured_image":false},"product_brand":[],"product_cat":[27,15],"product_tag":[],"class_list":{"0":"post-7144","1":"product","2":"type-product","3":"status-publish","4":"has-post-thumbnail","6":"product_cat-home","7":"product_cat-uncategorized","9":"first","10":"instock","11":"sale","12":"taxable","13":"shipping-taxable","14":"purchasable","15":"product-type-simple"},"acf":[],"_links":{"self":[{"href":"https:\/\/linoexpress.com\/sk\/wp-json\/wp\/v2\/product\/7144","targetHints":{"allow":["GET"]}}],"collection":[{"href":"https:\/\/linoexpress.com\/sk\/wp-json\/wp\/v2\/product"}],"about":[{"href":"https:\/\/linoexpress.com\/sk\/wp-json\/wp\/v2\/types\/product"}],"replies":[{"embeddable":true,"href":"https:\/\/linoexpress.com\/sk\/wp-json\/wp\/v2\/comments?post=7144"}],"wp:featuredmedia":[{"embeddable":true,"href":"https:\/\/linoexpress.com\/sk\/wp-json\/wp\/v2\/media\/7150"}],"wp:attachment":[{"href":"https:\/\/linoexpress.com\/sk\/wp-json\/wp\/v2\/media?parent=7144"}],"wp:term":[{"taxonomy":"product_brand","embeddable":true,"href":"https:\/\/linoexpress.com\/sk\/wp-json\/wp\/v2\/product_brand?post=7144"},{"taxonomy":"product_cat","embeddable":true,"href":"https:\/\/linoexpress.com\/sk\/wp-json\/wp\/v2\/product_cat?post=7144"},{"taxonomy":"product_tag","embeddable":true,"href":"https:\/\/linoexpress.com\/sk\/wp-json\/wp\/v2\/product_tag?post=7144"}],"curies":[{"name":"wp","href":"https:\/\/api.w.org\/{rel}","templated":true}]}}