{"id":7216,"date":"2023-01-26T10:26:47","date_gmt":"2023-01-26T09:26:47","guid":{"rendered":"https:\/\/linoexpress.com\/sk\/?post_type=product&#038;p=7216"},"modified":"2023-01-30T09:07:05","modified_gmt":"2023-01-30T08:07:05","slug":"konektory-na-pripojenie-kablov","status":"publish","type":"product","link":"https:\/\/linoexpress.com\/sk\/produkt\/konektory-na-pripojenie-kablov\/","title":{"rendered":"Konektory na pripojenie k\u00e1blov"},"content":{"rendered":"","protected":false},"excerpt":{"rendered":"<p>Pripojte k\u00e1ble r\u00fdchlo, jednoducho a bezpe\u010dne. Ekonomick\u00e9 konektory sp\u00e1jaj\u00fa k\u00e1ble jedn\u00fdm stla\u010den\u00edm.<\/p>\n","protected":false},"featured_media":7219,"comment_status":"closed","ping_status":"closed","template":"","meta":{"inline_featured_image":false},"product_brand":[],"product_cat":[15],"product_tag":[],"class_list":{"0":"post-7216","1":"product","2":"type-product","3":"status-publish","4":"has-post-thumbnail","6":"product_cat-uncategorized","8":"first","9":"instock","10":"sale","11":"taxable","12":"shipping-taxable","13":"purchasable","14":"product-type-simple"},"acf":[],"_links":{"self":[{"href":"https:\/\/linoexpress.com\/sk\/wp-json\/wp\/v2\/product\/7216","targetHints":{"allow":["GET"]}}],"collection":[{"href":"https:\/\/linoexpress.com\/sk\/wp-json\/wp\/v2\/product"}],"about":[{"href":"https:\/\/linoexpress.com\/sk\/wp-json\/wp\/v2\/types\/product"}],"replies":[{"embeddable":true,"href":"https:\/\/linoexpress.com\/sk\/wp-json\/wp\/v2\/comments?post=7216"}],"wp:featuredmedia":[{"embeddable":true,"href":"https:\/\/linoexpress.com\/sk\/wp-json\/wp\/v2\/media\/7219"}],"wp:attachment":[{"href":"https:\/\/linoexpress.com\/sk\/wp-json\/wp\/v2\/media?parent=7216"}],"wp:term":[{"taxonomy":"product_brand","embeddable":true,"href":"https:\/\/linoexpress.com\/sk\/wp-json\/wp\/v2\/product_brand?post=7216"},{"taxonomy":"product_cat","embeddable":true,"href":"https:\/\/linoexpress.com\/sk\/wp-json\/wp\/v2\/product_cat?post=7216"},{"taxonomy":"product_tag","embeddable":true,"href":"https:\/\/linoexpress.com\/sk\/wp-json\/wp\/v2\/product_tag?post=7216"}],"curies":[{"name":"wp","href":"https:\/\/api.w.org\/{rel}","templated":true}]}}