{"id":7224,"date":"2023-01-26T10:50:28","date_gmt":"2023-01-26T09:50:28","guid":{"rendered":"https:\/\/linoexpress.com\/sk\/?post_type=product&#038;p=7224"},"modified":"2023-01-30T09:28:50","modified_gmt":"2023-01-30T08:28:50","slug":"naucna-hracka-dreveny-vlacik-s-cislami","status":"publish","type":"product","link":"https:\/\/linoexpress.com\/sk\/produkt\/naucna-hracka-dreveny-vlacik-s-cislami\/","title":{"rendered":"N\u00e1u\u010dn\u00e1 hra\u010dka-Dreven\u00fd vl\u00e1\u010dik s \u010d\u00edslami"},"content":{"rendered":"","protected":false},"excerpt":{"rendered":"<p>Hra\u010dka pre skor\u00e9 u\u010denie \u010d\u00edsel, tvarov a farieb. Precvi\u010dovanie praktick\u00fdch a rozumov\u00fdch schopnost\u00ed a rozv\u00edjanie kreativity.<\/p>\n","protected":false},"featured_media":7229,"comment_status":"closed","ping_status":"closed","template":"","meta":{"inline_featured_image":false},"product_brand":[],"product_cat":[15],"product_tag":[],"class_list":{"0":"post-7224","1":"product","2":"type-product","3":"status-publish","4":"has-post-thumbnail","6":"product_cat-uncategorized","8":"first","9":"instock","10":"sale","11":"taxable","12":"shipping-taxable","13":"purchasable","14":"product-type-simple"},"acf":[],"_links":{"self":[{"href":"https:\/\/linoexpress.com\/sk\/wp-json\/wp\/v2\/product\/7224","targetHints":{"allow":["GET"]}}],"collection":[{"href":"https:\/\/linoexpress.com\/sk\/wp-json\/wp\/v2\/product"}],"about":[{"href":"https:\/\/linoexpress.com\/sk\/wp-json\/wp\/v2\/types\/product"}],"replies":[{"embeddable":true,"href":"https:\/\/linoexpress.com\/sk\/wp-json\/wp\/v2\/comments?post=7224"}],"wp:featuredmedia":[{"embeddable":true,"href":"https:\/\/linoexpress.com\/sk\/wp-json\/wp\/v2\/media\/7229"}],"wp:attachment":[{"href":"https:\/\/linoexpress.com\/sk\/wp-json\/wp\/v2\/media?parent=7224"}],"wp:term":[{"taxonomy":"product_brand","embeddable":true,"href":"https:\/\/linoexpress.com\/sk\/wp-json\/wp\/v2\/product_brand?post=7224"},{"taxonomy":"product_cat","embeddable":true,"href":"https:\/\/linoexpress.com\/sk\/wp-json\/wp\/v2\/product_cat?post=7224"},{"taxonomy":"product_tag","embeddable":true,"href":"https:\/\/linoexpress.com\/sk\/wp-json\/wp\/v2\/product_tag?post=7224"}],"curies":[{"name":"wp","href":"https:\/\/api.w.org\/{rel}","templated":true}]}}