{"id":7234,"date":"2023-01-26T11:00:34","date_gmt":"2023-01-26T10:00:34","guid":{"rendered":"https:\/\/linoexpress.com\/sk\/?post_type=product&#038;p=7234"},"modified":"2023-01-30T09:07:46","modified_gmt":"2023-01-30T08:07:46","slug":"tepla-obuv-pre-babatka-a-deti","status":"publish","type":"product","link":"https:\/\/linoexpress.com\/sk\/produkt\/tepla-obuv-pre-babatka-a-deti\/","title":{"rendered":"Tepl\u00e1 obuv pre b\u00e1b\u00e4tk\u00e1 a deti"},"content":{"rendered":"","protected":false},"excerpt":{"rendered":"<p>Pohodln\u00e9 a m\u00e4kk\u00e9 top\u00e1no\u010dky pre b\u00e1b\u00e4tk\u00e1 a deti poskytn\u00fa mal\u00fdm n\u00f4\u017ekam maxim\u00e1lny komfort a teplo. \u0160pi\u010dkov\u00e9 materi\u00e1ly a kr\u00e1sny vzh\u013ead doplnia ka\u017ed\u00fa kombin\u00e1ciu.<\/p>\n","protected":false},"featured_media":7235,"comment_status":"closed","ping_status":"closed","template":"","meta":{"inline_featured_image":false},"product_brand":[],"product_cat":[15],"product_tag":[],"class_list":{"0":"post-7234","1":"product","2":"type-product","3":"status-publish","4":"has-post-thumbnail","6":"product_cat-uncategorized","8":"first","9":"instock","10":"sale","11":"taxable","12":"shipping-taxable","13":"purchasable","14":"product-type-simple"},"acf":[],"_links":{"self":[{"href":"https:\/\/linoexpress.com\/sk\/wp-json\/wp\/v2\/product\/7234","targetHints":{"allow":["GET"]}}],"collection":[{"href":"https:\/\/linoexpress.com\/sk\/wp-json\/wp\/v2\/product"}],"about":[{"href":"https:\/\/linoexpress.com\/sk\/wp-json\/wp\/v2\/types\/product"}],"replies":[{"embeddable":true,"href":"https:\/\/linoexpress.com\/sk\/wp-json\/wp\/v2\/comments?post=7234"}],"wp:featuredmedia":[{"embeddable":true,"href":"https:\/\/linoexpress.com\/sk\/wp-json\/wp\/v2\/media\/7235"}],"wp:attachment":[{"href":"https:\/\/linoexpress.com\/sk\/wp-json\/wp\/v2\/media?parent=7234"}],"wp:term":[{"taxonomy":"product_brand","embeddable":true,"href":"https:\/\/linoexpress.com\/sk\/wp-json\/wp\/v2\/product_brand?post=7234"},{"taxonomy":"product_cat","embeddable":true,"href":"https:\/\/linoexpress.com\/sk\/wp-json\/wp\/v2\/product_cat?post=7234"},{"taxonomy":"product_tag","embeddable":true,"href":"https:\/\/linoexpress.com\/sk\/wp-json\/wp\/v2\/product_tag?post=7234"}],"curies":[{"name":"wp","href":"https:\/\/api.w.org\/{rel}","templated":true}]}}