{"id":7242,"date":"2023-01-26T12:22:50","date_gmt":"2023-01-26T11:22:50","guid":{"rendered":"https:\/\/linoexpress.com\/sk\/?post_type=product&#038;p=7242"},"modified":"2023-01-30T09:28:37","modified_gmt":"2023-01-30T08:28:37","slug":"profesionalne-nacinie-na-trening-predlaktia","status":"publish","type":"product","link":"https:\/\/linoexpress.com\/sk\/produkt\/profesionalne-nacinie-na-trening-predlaktia\/","title":{"rendered":"Profesion\u00e1lne n\u00e1\u010dinie na tr\u00e9ning predlaktia"},"content":{"rendered":"","protected":false},"excerpt":{"rendered":"<p>Dosiahnite vynikaj\u00face v\u00fdsledky pri zlep\u0161ovan\u00ed sily, prekrvenia a r\u00fdchlosti v k\u013aboch \u200b\u200ba prstoch.<\/p>\n","protected":false},"featured_media":7246,"comment_status":"closed","ping_status":"closed","template":"","meta":{"inline_featured_image":false},"product_brand":[],"product_cat":[15],"product_tag":[],"class_list":{"0":"post-7242","1":"product","2":"type-product","3":"status-publish","4":"has-post-thumbnail","6":"product_cat-uncategorized","8":"first","9":"instock","10":"sale","11":"taxable","12":"shipping-taxable","13":"purchasable","14":"product-type-simple"},"acf":[],"_links":{"self":[{"href":"https:\/\/linoexpress.com\/sk\/wp-json\/wp\/v2\/product\/7242","targetHints":{"allow":["GET"]}}],"collection":[{"href":"https:\/\/linoexpress.com\/sk\/wp-json\/wp\/v2\/product"}],"about":[{"href":"https:\/\/linoexpress.com\/sk\/wp-json\/wp\/v2\/types\/product"}],"replies":[{"embeddable":true,"href":"https:\/\/linoexpress.com\/sk\/wp-json\/wp\/v2\/comments?post=7242"}],"wp:featuredmedia":[{"embeddable":true,"href":"https:\/\/linoexpress.com\/sk\/wp-json\/wp\/v2\/media\/7246"}],"wp:attachment":[{"href":"https:\/\/linoexpress.com\/sk\/wp-json\/wp\/v2\/media?parent=7242"}],"wp:term":[{"taxonomy":"product_brand","embeddable":true,"href":"https:\/\/linoexpress.com\/sk\/wp-json\/wp\/v2\/product_brand?post=7242"},{"taxonomy":"product_cat","embeddable":true,"href":"https:\/\/linoexpress.com\/sk\/wp-json\/wp\/v2\/product_cat?post=7242"},{"taxonomy":"product_tag","embeddable":true,"href":"https:\/\/linoexpress.com\/sk\/wp-json\/wp\/v2\/product_tag?post=7242"}],"curies":[{"name":"wp","href":"https:\/\/api.w.org\/{rel}","templated":true}]}}