{"id":7324,"date":"2023-01-30T13:56:11","date_gmt":"2023-01-30T12:56:11","guid":{"rendered":"https:\/\/linoexpress.com\/sk\/?post_type=product&#038;p=7324"},"modified":"2023-01-30T13:59:38","modified_gmt":"2023-01-30T12:59:38","slug":"inteligentny-digitalny-multimeter-proti-popaleninam","status":"publish","type":"product","link":"https:\/\/linoexpress.com\/sk\/produkt\/inteligentny-digitalny-multimeter-proti-popaleninam\/","title":{"rendered":"Inteligentn\u00fd digit\u00e1lny multimeter proti pop\u00e1lenin\u00e1m"},"content":{"rendered":"","protected":false},"excerpt":{"rendered":"<p>Voltmeter kompaktn\u00fdch rozmerov, ale s fenomen\u00e1lnym v\u00fdkonom vo viacer\u00fdch funkci\u00e1ch. Kontrola v\u00fdsledkov na mieste.<\/p>\n","protected":false},"featured_media":7325,"comment_status":"closed","ping_status":"closed","template":"","meta":{"inline_featured_image":false},"product_brand":[],"product_cat":[15],"product_tag":[],"class_list":{"0":"post-7324","1":"product","2":"type-product","3":"status-publish","4":"has-post-thumbnail","6":"product_cat-uncategorized","8":"first","9":"instock","10":"sale","11":"taxable","12":"shipping-taxable","13":"purchasable","14":"product-type-simple"},"acf":[],"_links":{"self":[{"href":"https:\/\/linoexpress.com\/sk\/wp-json\/wp\/v2\/product\/7324","targetHints":{"allow":["GET"]}}],"collection":[{"href":"https:\/\/linoexpress.com\/sk\/wp-json\/wp\/v2\/product"}],"about":[{"href":"https:\/\/linoexpress.com\/sk\/wp-json\/wp\/v2\/types\/product"}],"replies":[{"embeddable":true,"href":"https:\/\/linoexpress.com\/sk\/wp-json\/wp\/v2\/comments?post=7324"}],"wp:featuredmedia":[{"embeddable":true,"href":"https:\/\/linoexpress.com\/sk\/wp-json\/wp\/v2\/media\/7325"}],"wp:attachment":[{"href":"https:\/\/linoexpress.com\/sk\/wp-json\/wp\/v2\/media?parent=7324"}],"wp:term":[{"taxonomy":"product_brand","embeddable":true,"href":"https:\/\/linoexpress.com\/sk\/wp-json\/wp\/v2\/product_brand?post=7324"},{"taxonomy":"product_cat","embeddable":true,"href":"https:\/\/linoexpress.com\/sk\/wp-json\/wp\/v2\/product_cat?post=7324"},{"taxonomy":"product_tag","embeddable":true,"href":"https:\/\/linoexpress.com\/sk\/wp-json\/wp\/v2\/product_tag?post=7324"}],"curies":[{"name":"wp","href":"https:\/\/api.w.org\/{rel}","templated":true}]}}