{"id":7353,"date":"2023-01-31T11:01:24","date_gmt":"2023-01-31T10:01:24","guid":{"rendered":"https:\/\/linoexpress.com\/sk\/?post_type=product&#038;p=7353"},"modified":"2023-02-06T11:54:18","modified_gmt":"2023-02-06T10:54:18","slug":"nastroj-na-testovanie-automobilovych-rele","status":"publish","type":"product","link":"https:\/\/linoexpress.com\/sk\/produkt\/nastroj-na-testovanie-automobilovych-rele\/","title":{"rendered":"N\u00e1stroj na testovanie automobilov\u00fdch rel\u00e9"},"content":{"rendered":"","protected":false},"excerpt":{"rendered":"<p>Kompaktn\u00fd a praktick\u00fd rel\u00e9 tester do auta je skvel\u00e1 vec, ktor\u00fa mus\u00edte ma\u0165 v\u017edy vo svojom aute.<\/p>\n<p>&nbsp;<\/p>\n","protected":false},"featured_media":7355,"comment_status":"closed","ping_status":"closed","template":"","meta":{"inline_featured_image":false},"product_brand":[],"product_cat":[15],"product_tag":[],"class_list":{"0":"post-7353","1":"product","2":"type-product","3":"status-publish","4":"has-post-thumbnail","6":"product_cat-uncategorized","8":"first","9":"instock","10":"sale","11":"taxable","12":"shipping-taxable","13":"purchasable","14":"product-type-simple"},"acf":[],"_links":{"self":[{"href":"https:\/\/linoexpress.com\/sk\/wp-json\/wp\/v2\/product\/7353","targetHints":{"allow":["GET"]}}],"collection":[{"href":"https:\/\/linoexpress.com\/sk\/wp-json\/wp\/v2\/product"}],"about":[{"href":"https:\/\/linoexpress.com\/sk\/wp-json\/wp\/v2\/types\/product"}],"replies":[{"embeddable":true,"href":"https:\/\/linoexpress.com\/sk\/wp-json\/wp\/v2\/comments?post=7353"}],"wp:featuredmedia":[{"embeddable":true,"href":"https:\/\/linoexpress.com\/sk\/wp-json\/wp\/v2\/media\/7355"}],"wp:attachment":[{"href":"https:\/\/linoexpress.com\/sk\/wp-json\/wp\/v2\/media?parent=7353"}],"wp:term":[{"taxonomy":"product_brand","embeddable":true,"href":"https:\/\/linoexpress.com\/sk\/wp-json\/wp\/v2\/product_brand?post=7353"},{"taxonomy":"product_cat","embeddable":true,"href":"https:\/\/linoexpress.com\/sk\/wp-json\/wp\/v2\/product_cat?post=7353"},{"taxonomy":"product_tag","embeddable":true,"href":"https:\/\/linoexpress.com\/sk\/wp-json\/wp\/v2\/product_tag?post=7353"}],"curies":[{"name":"wp","href":"https:\/\/api.w.org\/{rel}","templated":true}]}}