{"id":7818,"date":"2023-02-24T12:08:09","date_gmt":"2023-02-24T11:08:09","guid":{"rendered":"https:\/\/linoexpress.com\/sk\/?post_type=product&#038;p=7818"},"modified":"2023-12-11T08:35:57","modified_gmt":"2023-12-11T07:35:57","slug":"dynamicka-led-paska-pre-auto","status":"publish","type":"product","link":"https:\/\/linoexpress.com\/sk\/produkt\/dynamicka-led-paska-pre-auto\/","title":{"rendered":"Dynamick\u00e1 LED p\u00e1ska pre auto"},"content":{"rendered":"","protected":false},"excerpt":{"rendered":"<p>Dynamick\u00e1 LED p\u00e1ska dod\u00e1 vzh\u013eadu v\u00e1\u0161ho auta vy\u0161\u0161iu \u00farove\u0148. Jednoduch\u00e1 a nen\u00e1ro\u010dn\u00e1 mont\u00e1\u017e, univerz\u00e1lna pre v\u0161etky aut\u00e1.<\/p>\n","protected":false},"featured_media":7838,"comment_status":"closed","ping_status":"closed","template":"","meta":{"inline_featured_image":false},"product_brand":[],"product_cat":[25,15],"product_tag":[],"class_list":{"0":"post-7818","1":"product","2":"type-product","3":"status-publish","4":"has-post-thumbnail","6":"product_cat-car","7":"product_cat-uncategorized","9":"first","10":"instock","11":"sale","12":"taxable","13":"shipping-taxable","14":"purchasable","15":"product-type-simple"},"acf":[],"_links":{"self":[{"href":"https:\/\/linoexpress.com\/sk\/wp-json\/wp\/v2\/product\/7818","targetHints":{"allow":["GET"]}}],"collection":[{"href":"https:\/\/linoexpress.com\/sk\/wp-json\/wp\/v2\/product"}],"about":[{"href":"https:\/\/linoexpress.com\/sk\/wp-json\/wp\/v2\/types\/product"}],"replies":[{"embeddable":true,"href":"https:\/\/linoexpress.com\/sk\/wp-json\/wp\/v2\/comments?post=7818"}],"wp:featuredmedia":[{"embeddable":true,"href":"https:\/\/linoexpress.com\/sk\/wp-json\/wp\/v2\/media\/7838"}],"wp:attachment":[{"href":"https:\/\/linoexpress.com\/sk\/wp-json\/wp\/v2\/media?parent=7818"}],"wp:term":[{"taxonomy":"product_brand","embeddable":true,"href":"https:\/\/linoexpress.com\/sk\/wp-json\/wp\/v2\/product_brand?post=7818"},{"taxonomy":"product_cat","embeddable":true,"href":"https:\/\/linoexpress.com\/sk\/wp-json\/wp\/v2\/product_cat?post=7818"},{"taxonomy":"product_tag","embeddable":true,"href":"https:\/\/linoexpress.com\/sk\/wp-json\/wp\/v2\/product_tag?post=7818"}],"curies":[{"name":"wp","href":"https:\/\/api.w.org\/{rel}","templated":true}]}}