{"id":8054,"date":"2023-03-07T09:40:45","date_gmt":"2023-03-07T08:40:45","guid":{"rendered":"https:\/\/linoexpress.com\/sk\/?post_type=product&#038;p=8054"},"modified":"2023-03-21T08:39:33","modified_gmt":"2023-03-21T07:39:33","slug":"tester-napatia","status":"publish","type":"product","link":"https:\/\/linoexpress.com\/sk\/produkt\/tester-napatia\/","title":{"rendered":"Tester nap\u00e4tia"},"content":{"rendered":"","protected":false},"excerpt":{"rendered":"<p>R\u00fdchlo a jednoducho skontrolujte obvody, poistky, sp\u00edna\u010de a kabel\u00e1\u017e na aut\u00e1ch, pr\u00edvesoch, motocykloch a in\u00fdch n\u00edzkonap\u00e4\u0165ov\u00fdch syst\u00e9moch.<\/p>\n","protected":false},"featured_media":8060,"comment_status":"closed","ping_status":"closed","template":"","meta":{"inline_featured_image":false},"product_brand":[],"product_cat":[25,27,15],"product_tag":[],"class_list":{"0":"post-8054","1":"product","2":"type-product","3":"status-publish","4":"has-post-thumbnail","6":"product_cat-car","7":"product_cat-home","8":"product_cat-uncategorized","10":"first","11":"instock","12":"sale","13":"taxable","14":"shipping-taxable","15":"purchasable","16":"product-type-simple"},"acf":[],"_links":{"self":[{"href":"https:\/\/linoexpress.com\/sk\/wp-json\/wp\/v2\/product\/8054","targetHints":{"allow":["GET"]}}],"collection":[{"href":"https:\/\/linoexpress.com\/sk\/wp-json\/wp\/v2\/product"}],"about":[{"href":"https:\/\/linoexpress.com\/sk\/wp-json\/wp\/v2\/types\/product"}],"replies":[{"embeddable":true,"href":"https:\/\/linoexpress.com\/sk\/wp-json\/wp\/v2\/comments?post=8054"}],"wp:featuredmedia":[{"embeddable":true,"href":"https:\/\/linoexpress.com\/sk\/wp-json\/wp\/v2\/media\/8060"}],"wp:attachment":[{"href":"https:\/\/linoexpress.com\/sk\/wp-json\/wp\/v2\/media?parent=8054"}],"wp:term":[{"taxonomy":"product_brand","embeddable":true,"href":"https:\/\/linoexpress.com\/sk\/wp-json\/wp\/v2\/product_brand?post=8054"},{"taxonomy":"product_cat","embeddable":true,"href":"https:\/\/linoexpress.com\/sk\/wp-json\/wp\/v2\/product_cat?post=8054"},{"taxonomy":"product_tag","embeddable":true,"href":"https:\/\/linoexpress.com\/sk\/wp-json\/wp\/v2\/product_tag?post=8054"}],"curies":[{"name":"wp","href":"https:\/\/api.w.org\/{rel}","templated":true}]}}