{"id":8117,"date":"2023-03-08T13:56:03","date_gmt":"2023-03-08T12:56:03","guid":{"rendered":"https:\/\/linoexpress.com\/sk\/?post_type=product&#038;p=8117"},"modified":"2023-03-21T08:29:07","modified_gmt":"2023-03-21T07:29:07","slug":"nastroj-na-testovanie-automobilovych-rele-2","status":"publish","type":"product","link":"https:\/\/linoexpress.com\/sk\/produkt\/nastroj-na-testovanie-automobilovych-rele-2\/","title":{"rendered":"N\u00e1stroj na testovanie automobilov\u00fdch rel\u00e9"},"content":{"rendered":"","protected":false},"excerpt":{"rendered":"<p>Kompaktn\u00fd a praktick\u00fd tester rel\u00e9 do auta je skvel\u00e1 vec, ktor\u00fa mus\u00edte ma\u0165 v\u017edy vo svojom aute.<\/p>\n","protected":false},"featured_media":8126,"comment_status":"closed","ping_status":"closed","template":"","meta":{"inline_featured_image":false},"product_brand":[],"product_cat":[25,15],"product_tag":[],"class_list":{"0":"post-8117","1":"product","2":"type-product","3":"status-publish","4":"has-post-thumbnail","6":"product_cat-car","7":"product_cat-uncategorized","9":"first","10":"instock","11":"sale","12":"taxable","13":"shipping-taxable","14":"purchasable","15":"product-type-simple"},"acf":[],"_links":{"self":[{"href":"https:\/\/linoexpress.com\/sk\/wp-json\/wp\/v2\/product\/8117","targetHints":{"allow":["GET"]}}],"collection":[{"href":"https:\/\/linoexpress.com\/sk\/wp-json\/wp\/v2\/product"}],"about":[{"href":"https:\/\/linoexpress.com\/sk\/wp-json\/wp\/v2\/types\/product"}],"replies":[{"embeddable":true,"href":"https:\/\/linoexpress.com\/sk\/wp-json\/wp\/v2\/comments?post=8117"}],"wp:featuredmedia":[{"embeddable":true,"href":"https:\/\/linoexpress.com\/sk\/wp-json\/wp\/v2\/media\/8126"}],"wp:attachment":[{"href":"https:\/\/linoexpress.com\/sk\/wp-json\/wp\/v2\/media?parent=8117"}],"wp:term":[{"taxonomy":"product_brand","embeddable":true,"href":"https:\/\/linoexpress.com\/sk\/wp-json\/wp\/v2\/product_brand?post=8117"},{"taxonomy":"product_cat","embeddable":true,"href":"https:\/\/linoexpress.com\/sk\/wp-json\/wp\/v2\/product_cat?post=8117"},{"taxonomy":"product_tag","embeddable":true,"href":"https:\/\/linoexpress.com\/sk\/wp-json\/wp\/v2\/product_tag?post=8117"}],"curies":[{"name":"wp","href":"https:\/\/api.w.org\/{rel}","templated":true}]}}