{"id":8606,"date":"2023-04-19T08:46:04","date_gmt":"2023-04-19T06:46:04","guid":{"rendered":"https:\/\/linoexpress.com\/sk\/?post_type=product&#038;p=8606"},"modified":"2023-04-21T13:56:06","modified_gmt":"2023-04-21T11:56:06","slug":"body-pre-tvarovanie-postavy","status":"publish","type":"product","link":"https:\/\/linoexpress.com\/sk\/produkt\/body-pre-tvarovanie-postavy\/","title":{"rendered":"Body pre tvarovanie postavy"},"content":{"rendered":"","protected":false},"excerpt":{"rendered":"<p>Pohodln\u00e9, praktick\u00e9, kr\u00e1sne a z\u00e1rove\u0148 ve\u013emi efekt\u00edvne a modern\u00e9 body. Vytvarujte si postavu t\u00fdmto hitov\u00fdm body!<\/p>\n","protected":false},"featured_media":8615,"comment_status":"closed","ping_status":"closed","template":"","meta":{"inline_featured_image":false},"product_brand":[],"product_cat":[15],"product_tag":[],"class_list":{"0":"post-8606","1":"product","2":"type-product","3":"status-publish","4":"has-post-thumbnail","6":"product_cat-uncategorized","8":"first","9":"instock","10":"sale","11":"taxable","12":"shipping-taxable","13":"purchasable","14":"product-type-variable"},"acf":[],"_links":{"self":[{"href":"https:\/\/linoexpress.com\/sk\/wp-json\/wp\/v2\/product\/8606","targetHints":{"allow":["GET"]}}],"collection":[{"href":"https:\/\/linoexpress.com\/sk\/wp-json\/wp\/v2\/product"}],"about":[{"href":"https:\/\/linoexpress.com\/sk\/wp-json\/wp\/v2\/types\/product"}],"replies":[{"embeddable":true,"href":"https:\/\/linoexpress.com\/sk\/wp-json\/wp\/v2\/comments?post=8606"}],"wp:featuredmedia":[{"embeddable":true,"href":"https:\/\/linoexpress.com\/sk\/wp-json\/wp\/v2\/media\/8615"}],"wp:attachment":[{"href":"https:\/\/linoexpress.com\/sk\/wp-json\/wp\/v2\/media?parent=8606"}],"wp:term":[{"taxonomy":"product_brand","embeddable":true,"href":"https:\/\/linoexpress.com\/sk\/wp-json\/wp\/v2\/product_brand?post=8606"},{"taxonomy":"product_cat","embeddable":true,"href":"https:\/\/linoexpress.com\/sk\/wp-json\/wp\/v2\/product_cat?post=8606"},{"taxonomy":"product_tag","embeddable":true,"href":"https:\/\/linoexpress.com\/sk\/wp-json\/wp\/v2\/product_tag?post=8606"}],"curies":[{"name":"wp","href":"https:\/\/api.w.org\/{rel}","templated":true}]}}