{"id":8654,"date":"2023-04-19T09:45:15","date_gmt":"2023-04-19T07:45:15","guid":{"rendered":"https:\/\/linoexpress.com\/sk\/?post_type=product&#038;p=8654"},"modified":"2023-04-21T13:59:23","modified_gmt":"2023-04-21T11:59:23","slug":"korzet-stahujuci-a-tvarujuci-brusko","status":"publish","type":"product","link":"https:\/\/linoexpress.com\/sk\/produkt\/korzet-stahujuci-a-tvarujuci-brusko\/","title":{"rendered":"Korzet s\u0165ahuj\u00faci a tvaruj\u00faci bru\u0161ko"},"content":{"rendered":"","protected":false},"excerpt":{"rendered":"<p>Dosiahnite b\u00e1je\u010dn\u00fd vzh\u013ead s t\u00fdmito korzetov\u00fdmi nohavi\u010dkami, ktor\u00e9 tvaruj\u00fa p\u00e1s a stehn\u00e1 pre celodenn\u00e9 a ka\u017edodenn\u00e9 pohodlie.<\/p>\n","protected":false},"featured_media":8672,"comment_status":"closed","ping_status":"closed","template":"","meta":{"inline_featured_image":false},"product_brand":[],"product_cat":[15],"product_tag":[],"class_list":{"0":"post-8654","1":"product","2":"type-product","3":"status-publish","4":"has-post-thumbnail","6":"product_cat-uncategorized","8":"first","9":"instock","10":"sale","11":"taxable","12":"shipping-taxable","13":"purchasable","14":"product-type-variable"},"acf":[],"_links":{"self":[{"href":"https:\/\/linoexpress.com\/sk\/wp-json\/wp\/v2\/product\/8654","targetHints":{"allow":["GET"]}}],"collection":[{"href":"https:\/\/linoexpress.com\/sk\/wp-json\/wp\/v2\/product"}],"about":[{"href":"https:\/\/linoexpress.com\/sk\/wp-json\/wp\/v2\/types\/product"}],"replies":[{"embeddable":true,"href":"https:\/\/linoexpress.com\/sk\/wp-json\/wp\/v2\/comments?post=8654"}],"wp:featuredmedia":[{"embeddable":true,"href":"https:\/\/linoexpress.com\/sk\/wp-json\/wp\/v2\/media\/8672"}],"wp:attachment":[{"href":"https:\/\/linoexpress.com\/sk\/wp-json\/wp\/v2\/media?parent=8654"}],"wp:term":[{"taxonomy":"product_brand","embeddable":true,"href":"https:\/\/linoexpress.com\/sk\/wp-json\/wp\/v2\/product_brand?post=8654"},{"taxonomy":"product_cat","embeddable":true,"href":"https:\/\/linoexpress.com\/sk\/wp-json\/wp\/v2\/product_cat?post=8654"},{"taxonomy":"product_tag","embeddable":true,"href":"https:\/\/linoexpress.com\/sk\/wp-json\/wp\/v2\/product_tag?post=8654"}],"curies":[{"name":"wp","href":"https:\/\/api.w.org\/{rel}","templated":true}]}}