{"id":8716,"date":"2023-04-20T10:33:19","date_gmt":"2023-04-20T08:33:19","guid":{"rendered":"https:\/\/linoexpress.com\/sk\/?post_type=product&#038;p=8716"},"modified":"2023-04-21T14:12:03","modified_gmt":"2023-04-21T12:12:03","slug":"diagnosticky-pristroj-pre-digitalny-skener-obvodov","status":"publish","type":"product","link":"https:\/\/linoexpress.com\/sk\/produkt\/diagnosticky-pristroj-pre-digitalny-skener-obvodov\/","title":{"rendered":"Diagnostick\u00fd pr\u00edstroj pre digit\u00e1lny skener obvodov"},"content":{"rendered":"","protected":false},"excerpt":{"rendered":"<p>&nbsp;<\/p>\n<p>Tento pr\u00edstroj je ur\u010den\u00fd na identifik\u00e1ciu a sledovanie vodi\u010dov alebo k\u00e1blov bez po\u0161kodenia izol\u00e1cie. M\u00f4\u017eete ho pou\u017ei\u0165 aj na kontrolu skratov, lokaliz\u00e1ciu otvoren\u00fdch elektrick\u00fdch obvodov a\u00a0podobne.<\/p>\n<p>&nbsp;<\/p>\n","protected":false},"featured_media":8718,"comment_status":"closed","ping_status":"closed","template":"","meta":{"inline_featured_image":false},"product_brand":[],"product_cat":[15],"product_tag":[],"class_list":{"0":"post-8716","1":"product","2":"type-product","3":"status-publish","4":"has-post-thumbnail","6":"product_cat-uncategorized","8":"first","9":"instock","10":"sale","11":"taxable","12":"shipping-taxable","13":"purchasable","14":"product-type-simple"},"acf":[],"_links":{"self":[{"href":"https:\/\/linoexpress.com\/sk\/wp-json\/wp\/v2\/product\/8716","targetHints":{"allow":["GET"]}}],"collection":[{"href":"https:\/\/linoexpress.com\/sk\/wp-json\/wp\/v2\/product"}],"about":[{"href":"https:\/\/linoexpress.com\/sk\/wp-json\/wp\/v2\/types\/product"}],"replies":[{"embeddable":true,"href":"https:\/\/linoexpress.com\/sk\/wp-json\/wp\/v2\/comments?post=8716"}],"wp:featuredmedia":[{"embeddable":true,"href":"https:\/\/linoexpress.com\/sk\/wp-json\/wp\/v2\/media\/8718"}],"wp:attachment":[{"href":"https:\/\/linoexpress.com\/sk\/wp-json\/wp\/v2\/media?parent=8716"}],"wp:term":[{"taxonomy":"product_brand","embeddable":true,"href":"https:\/\/linoexpress.com\/sk\/wp-json\/wp\/v2\/product_brand?post=8716"},{"taxonomy":"product_cat","embeddable":true,"href":"https:\/\/linoexpress.com\/sk\/wp-json\/wp\/v2\/product_cat?post=8716"},{"taxonomy":"product_tag","embeddable":true,"href":"https:\/\/linoexpress.com\/sk\/wp-json\/wp\/v2\/product_tag?post=8716"}],"curies":[{"name":"wp","href":"https:\/\/api.w.org\/{rel}","templated":true}]}}