{"id":8721,"date":"2023-04-20T10:48:25","date_gmt":"2023-04-20T08:48:25","guid":{"rendered":"https:\/\/linoexpress.com\/sk\/?post_type=product&#038;p=8721"},"modified":"2023-04-21T14:11:57","modified_gmt":"2023-04-21T12:11:57","slug":"ramy-na-detske-prace","status":"publish","type":"product","link":"https:\/\/linoexpress.com\/sk\/produkt\/ramy-na-detske-prace\/","title":{"rendered":"R\u00e1my na detsk\u00e9 pr\u00e1ce"},"content":{"rendered":"","protected":false},"excerpt":{"rendered":"<p>&nbsp;<\/p>\n<p>Zachovajte diela svojich det\u00ed a hrdo ich vystavte na stenu \u010di n\u00e1bytok. Mal\u00ed umelci bud\u00fa nad\u0161en\u00ed!<\/p>\n<p>&nbsp;<\/p>\n","protected":false},"featured_media":8726,"comment_status":"closed","ping_status":"closed","template":"","meta":{"inline_featured_image":false},"product_brand":[],"product_cat":[15],"product_tag":[],"class_list":{"0":"post-8721","1":"product","2":"type-product","3":"status-publish","4":"has-post-thumbnail","6":"product_cat-uncategorized","8":"first","9":"instock","10":"sale","11":"taxable","12":"shipping-taxable","13":"purchasable","14":"product-type-simple"},"acf":[],"_links":{"self":[{"href":"https:\/\/linoexpress.com\/sk\/wp-json\/wp\/v2\/product\/8721","targetHints":{"allow":["GET"]}}],"collection":[{"href":"https:\/\/linoexpress.com\/sk\/wp-json\/wp\/v2\/product"}],"about":[{"href":"https:\/\/linoexpress.com\/sk\/wp-json\/wp\/v2\/types\/product"}],"replies":[{"embeddable":true,"href":"https:\/\/linoexpress.com\/sk\/wp-json\/wp\/v2\/comments?post=8721"}],"wp:featuredmedia":[{"embeddable":true,"href":"https:\/\/linoexpress.com\/sk\/wp-json\/wp\/v2\/media\/8726"}],"wp:attachment":[{"href":"https:\/\/linoexpress.com\/sk\/wp-json\/wp\/v2\/media?parent=8721"}],"wp:term":[{"taxonomy":"product_brand","embeddable":true,"href":"https:\/\/linoexpress.com\/sk\/wp-json\/wp\/v2\/product_brand?post=8721"},{"taxonomy":"product_cat","embeddable":true,"href":"https:\/\/linoexpress.com\/sk\/wp-json\/wp\/v2\/product_cat?post=8721"},{"taxonomy":"product_tag","embeddable":true,"href":"https:\/\/linoexpress.com\/sk\/wp-json\/wp\/v2\/product_tag?post=8721"}],"curies":[{"name":"wp","href":"https:\/\/api.w.org\/{rel}","templated":true}]}}