{"id":8848,"date":"2023-04-25T09:10:16","date_gmt":"2023-04-25T07:10:16","guid":{"rendered":"https:\/\/linoexpress.com\/sk\/?post_type=product&#038;p=8848"},"modified":"2023-04-28T11:26:07","modified_gmt":"2023-04-28T09:26:07","slug":"multifunkcne-cvicebne-zariadenie","status":"publish","type":"product","link":"https:\/\/linoexpress.com\/sk\/produkt\/multifunkcne-cvicebne-zariadenie\/","title":{"rendered":"Multifunk\u010dn\u00e9 cvi\u010debn\u00e9 zariadenie"},"content":{"rendered":"","protected":false},"excerpt":{"rendered":"<p>Ide\u00e1lna pom\u00f4cka na posilnenie a napnutie v\u0161etk\u00fdch svalov, spevnenie a toniz\u00e1ciu chrbta, ramien, pa\u017e\u00ed, hrudn\u00edka, tricepsu a brucha, vr\u00e1tane \u0161ikm\u00fdch a bedrov\u00fdch flexorov. Z\u00edskajte \u0161pi\u010dkov\u00fa formu s jedn\u00fdm zariaden\u00edm!<\/p>\n","protected":false},"featured_media":8854,"comment_status":"closed","ping_status":"closed","template":"","meta":{"inline_featured_image":false},"product_brand":[],"product_cat":[15],"product_tag":[],"class_list":{"0":"post-8848","1":"product","2":"type-product","3":"status-publish","4":"has-post-thumbnail","6":"product_cat-uncategorized","8":"first","9":"instock","10":"sale","11":"taxable","12":"shipping-taxable","13":"purchasable","14":"product-type-simple"},"acf":[],"_links":{"self":[{"href":"https:\/\/linoexpress.com\/sk\/wp-json\/wp\/v2\/product\/8848","targetHints":{"allow":["GET"]}}],"collection":[{"href":"https:\/\/linoexpress.com\/sk\/wp-json\/wp\/v2\/product"}],"about":[{"href":"https:\/\/linoexpress.com\/sk\/wp-json\/wp\/v2\/types\/product"}],"replies":[{"embeddable":true,"href":"https:\/\/linoexpress.com\/sk\/wp-json\/wp\/v2\/comments?post=8848"}],"wp:featuredmedia":[{"embeddable":true,"href":"https:\/\/linoexpress.com\/sk\/wp-json\/wp\/v2\/media\/8854"}],"wp:attachment":[{"href":"https:\/\/linoexpress.com\/sk\/wp-json\/wp\/v2\/media?parent=8848"}],"wp:term":[{"taxonomy":"product_brand","embeddable":true,"href":"https:\/\/linoexpress.com\/sk\/wp-json\/wp\/v2\/product_brand?post=8848"},{"taxonomy":"product_cat","embeddable":true,"href":"https:\/\/linoexpress.com\/sk\/wp-json\/wp\/v2\/product_cat?post=8848"},{"taxonomy":"product_tag","embeddable":true,"href":"https:\/\/linoexpress.com\/sk\/wp-json\/wp\/v2\/product_tag?post=8848"}],"curies":[{"name":"wp","href":"https:\/\/api.w.org\/{rel}","templated":true}]}}