{"id":8871,"date":"2023-04-26T09:56:01","date_gmt":"2023-04-26T07:56:01","guid":{"rendered":"https:\/\/linoexpress.com\/sk\/?post_type=product&#038;p=8871"},"modified":"2023-05-05T10:40:03","modified_gmt":"2023-05-05T08:40:03","slug":"body-na-tvarovanie-postavy","status":"publish","type":"product","link":"https:\/\/linoexpress.com\/sk\/produkt\/body-na-tvarovanie-postavy\/","title":{"rendered":"Body na tvarovanie postavy"},"content":{"rendered":"","protected":false},"excerpt":{"rendered":"<p>Pohodln\u00e9, praktick\u00e9, kr\u00e1sne a z\u00e1rove\u0148 ve\u013emi efekt\u00edvne a modern\u00e9 body. Vytvarujte si postavu t\u00fdmto hitov\u00fdm body!<\/p>\n","protected":false},"featured_media":8888,"comment_status":"closed","ping_status":"closed","template":"","meta":{"inline_featured_image":false},"product_brand":[],"product_cat":[28,15,26],"product_tag":[],"class_list":{"0":"post-8871","1":"product","2":"type-product","3":"status-publish","4":"has-post-thumbnail","6":"product_cat-beauty","7":"product_cat-uncategorized","8":"product_cat-health","10":"first","11":"instock","12":"sale","13":"taxable","14":"shipping-taxable","15":"purchasable","16":"product-type-variable"},"acf":[],"_links":{"self":[{"href":"https:\/\/linoexpress.com\/sk\/wp-json\/wp\/v2\/product\/8871","targetHints":{"allow":["GET"]}}],"collection":[{"href":"https:\/\/linoexpress.com\/sk\/wp-json\/wp\/v2\/product"}],"about":[{"href":"https:\/\/linoexpress.com\/sk\/wp-json\/wp\/v2\/types\/product"}],"replies":[{"embeddable":true,"href":"https:\/\/linoexpress.com\/sk\/wp-json\/wp\/v2\/comments?post=8871"}],"wp:featuredmedia":[{"embeddable":true,"href":"https:\/\/linoexpress.com\/sk\/wp-json\/wp\/v2\/media\/8888"}],"wp:attachment":[{"href":"https:\/\/linoexpress.com\/sk\/wp-json\/wp\/v2\/media?parent=8871"}],"wp:term":[{"taxonomy":"product_brand","embeddable":true,"href":"https:\/\/linoexpress.com\/sk\/wp-json\/wp\/v2\/product_brand?post=8871"},{"taxonomy":"product_cat","embeddable":true,"href":"https:\/\/linoexpress.com\/sk\/wp-json\/wp\/v2\/product_cat?post=8871"},{"taxonomy":"product_tag","embeddable":true,"href":"https:\/\/linoexpress.com\/sk\/wp-json\/wp\/v2\/product_tag?post=8871"}],"curies":[{"name":"wp","href":"https:\/\/api.w.org\/{rel}","templated":true}]}}