{"id":8914,"date":"2023-04-27T09:24:29","date_gmt":"2023-04-27T07:24:29","guid":{"rendered":"https:\/\/linoexpress.com\/sk\/?post_type=product&#038;p=8914"},"modified":"2023-05-05T10:38:09","modified_gmt":"2023-05-05T08:38:09","slug":"stahujuci-a-tvarujuci-korzet-na-brucho","status":"publish","type":"product","link":"https:\/\/linoexpress.com\/sk\/produkt\/stahujuci-a-tvarujuci-korzet-na-brucho\/","title":{"rendered":"S\u0165ahuj\u00faci a tvaruj\u00faci korzet na brucho"},"content":{"rendered":"","protected":false},"excerpt":{"rendered":"<p>Dosiahnite n\u00e1dhern\u00fd vzh\u013ead s t\u00fdmito s\u0165ahuj\u00facimi nohavi\u010dkami, ktor\u00e9 tvaruj\u00fa p\u00e1s, brucho a stehn\u00e1 pre celodenn\u00e9 a ka\u017edodenn\u00e9 pohodlie.<\/p>\n","protected":false},"featured_media":8932,"comment_status":"closed","ping_status":"closed","template":"","meta":{"inline_featured_image":false},"product_brand":[],"product_cat":[28,15,26],"product_tag":[],"class_list":{"0":"post-8914","1":"product","2":"type-product","3":"status-publish","4":"has-post-thumbnail","6":"product_cat-beauty","7":"product_cat-uncategorized","8":"product_cat-health","10":"first","11":"instock","12":"sale","13":"taxable","14":"shipping-taxable","15":"purchasable","16":"product-type-variable"},"acf":[],"_links":{"self":[{"href":"https:\/\/linoexpress.com\/sk\/wp-json\/wp\/v2\/product\/8914","targetHints":{"allow":["GET"]}}],"collection":[{"href":"https:\/\/linoexpress.com\/sk\/wp-json\/wp\/v2\/product"}],"about":[{"href":"https:\/\/linoexpress.com\/sk\/wp-json\/wp\/v2\/types\/product"}],"replies":[{"embeddable":true,"href":"https:\/\/linoexpress.com\/sk\/wp-json\/wp\/v2\/comments?post=8914"}],"wp:featuredmedia":[{"embeddable":true,"href":"https:\/\/linoexpress.com\/sk\/wp-json\/wp\/v2\/media\/8932"}],"wp:attachment":[{"href":"https:\/\/linoexpress.com\/sk\/wp-json\/wp\/v2\/media?parent=8914"}],"wp:term":[{"taxonomy":"product_brand","embeddable":true,"href":"https:\/\/linoexpress.com\/sk\/wp-json\/wp\/v2\/product_brand?post=8914"},{"taxonomy":"product_cat","embeddable":true,"href":"https:\/\/linoexpress.com\/sk\/wp-json\/wp\/v2\/product_cat?post=8914"},{"taxonomy":"product_tag","embeddable":true,"href":"https:\/\/linoexpress.com\/sk\/wp-json\/wp\/v2\/product_tag?post=8914"}],"curies":[{"name":"wp","href":"https:\/\/api.w.org\/{rel}","templated":true}]}}