{"id":9251,"date":"2023-05-16T10:56:14","date_gmt":"2023-05-16T08:56:14","guid":{"rendered":"https:\/\/linoexpress.com\/sk\/?post_type=product&#038;p=9251"},"modified":"2025-04-22T16:27:27","modified_gmt":"2025-04-22T14:27:27","slug":"prenosna-mini-kamera-2","status":"publish","type":"product","link":"https:\/\/linoexpress.com\/sk\/produkt\/prenosna-mini-kamera-2\/","title":{"rendered":"Prenosn\u00e1 mini kamera"},"content":{"rendered":"","protected":false},"excerpt":{"rendered":"<p>Mini prenosn\u00e1 kamera s vynikaj\u00facim zaostren\u00edm a rozl\u00ed\u0161en\u00edm, prenosn\u00e1 a \u013eahko pou\u017eite\u013en\u00e1.<\/p>\n","protected":false},"featured_media":15940,"comment_status":"closed","ping_status":"closed","template":"","meta":{"inline_featured_image":false},"product_brand":[],"product_cat":[25,27,15],"product_tag":[],"class_list":{"0":"post-9251","1":"product","2":"type-product","3":"status-publish","4":"has-post-thumbnail","6":"product_cat-car","7":"product_cat-home","8":"product_cat-uncategorized","10":"first","11":"instock","12":"sale","13":"taxable","14":"shipping-taxable","15":"purchasable","16":"product-type-simple"},"acf":[],"_links":{"self":[{"href":"https:\/\/linoexpress.com\/sk\/wp-json\/wp\/v2\/product\/9251","targetHints":{"allow":["GET"]}}],"collection":[{"href":"https:\/\/linoexpress.com\/sk\/wp-json\/wp\/v2\/product"}],"about":[{"href":"https:\/\/linoexpress.com\/sk\/wp-json\/wp\/v2\/types\/product"}],"replies":[{"embeddable":true,"href":"https:\/\/linoexpress.com\/sk\/wp-json\/wp\/v2\/comments?post=9251"}],"wp:featuredmedia":[{"embeddable":true,"href":"https:\/\/linoexpress.com\/sk\/wp-json\/wp\/v2\/media\/15940"}],"wp:attachment":[{"href":"https:\/\/linoexpress.com\/sk\/wp-json\/wp\/v2\/media?parent=9251"}],"wp:term":[{"taxonomy":"product_brand","embeddable":true,"href":"https:\/\/linoexpress.com\/sk\/wp-json\/wp\/v2\/product_brand?post=9251"},{"taxonomy":"product_cat","embeddable":true,"href":"https:\/\/linoexpress.com\/sk\/wp-json\/wp\/v2\/product_cat?post=9251"},{"taxonomy":"product_tag","embeddable":true,"href":"https:\/\/linoexpress.com\/sk\/wp-json\/wp\/v2\/product_tag?post=9251"}],"curies":[{"name":"wp","href":"https:\/\/api.w.org\/{rel}","templated":true}]}}