{"id":9358,"date":"2023-05-19T15:06:04","date_gmt":"2023-05-19T13:06:04","guid":{"rendered":"https:\/\/linoexpress.com\/sk\/?post_type=product&#038;p=9358"},"modified":"2023-05-19T15:14:19","modified_gmt":"2023-05-19T13:14:19","slug":"bezdrotove-ovladanie-kamery-pre-jazdu","status":"publish","type":"product","link":"https:\/\/linoexpress.com\/sk\/produkt\/bezdrotove-ovladanie-kamery-pre-jazdu\/","title":{"rendered":"Bezdr\u00f4tov\u00e9 ovl\u00e1danie kamery pre jazdu"},"content":{"rendered":"","protected":false},"excerpt":{"rendered":"<p>Vylep\u0161ite si z\u00e1\u017eitok z jazdy pomocou tejto bezdr\u00f4tovej palubnej kamery. U\u017eite si bezprobl\u00e9mov\u00fa integr\u00e1ciu v\u00e1\u0161ho zariadenia bez probl\u00e9mov s in\u0161tal\u00e1ciou k\u00e1blov.<\/p>\n","protected":false},"featured_media":9364,"comment_status":"closed","ping_status":"closed","template":"","meta":{"inline_featured_image":false},"product_brand":[],"product_cat":[15],"product_tag":[],"class_list":{"0":"post-9358","1":"product","2":"type-product","3":"status-publish","4":"has-post-thumbnail","6":"product_cat-uncategorized","8":"first","9":"instock","10":"sale","11":"taxable","12":"shipping-taxable","13":"purchasable","14":"product-type-simple"},"acf":[],"_links":{"self":[{"href":"https:\/\/linoexpress.com\/sk\/wp-json\/wp\/v2\/product\/9358","targetHints":{"allow":["GET"]}}],"collection":[{"href":"https:\/\/linoexpress.com\/sk\/wp-json\/wp\/v2\/product"}],"about":[{"href":"https:\/\/linoexpress.com\/sk\/wp-json\/wp\/v2\/types\/product"}],"replies":[{"embeddable":true,"href":"https:\/\/linoexpress.com\/sk\/wp-json\/wp\/v2\/comments?post=9358"}],"wp:featuredmedia":[{"embeddable":true,"href":"https:\/\/linoexpress.com\/sk\/wp-json\/wp\/v2\/media\/9364"}],"wp:attachment":[{"href":"https:\/\/linoexpress.com\/sk\/wp-json\/wp\/v2\/media?parent=9358"}],"wp:term":[{"taxonomy":"product_brand","embeddable":true,"href":"https:\/\/linoexpress.com\/sk\/wp-json\/wp\/v2\/product_brand?post=9358"},{"taxonomy":"product_cat","embeddable":true,"href":"https:\/\/linoexpress.com\/sk\/wp-json\/wp\/v2\/product_cat?post=9358"},{"taxonomy":"product_tag","embeddable":true,"href":"https:\/\/linoexpress.com\/sk\/wp-json\/wp\/v2\/product_tag?post=9358"}],"curies":[{"name":"wp","href":"https:\/\/api.w.org\/{rel}","templated":true}]}}